{"id":2228,"date":"2025-01-22T13:47:50","date_gmt":"2025-01-22T16:47:50","guid":{"rendered":"https:\/\/casadapraiafilmes.com.br\/?page_id=2228"},"modified":"2025-12-02T14:21:24","modified_gmt":"2025-12-02T17:21:24","slug":"esconde-esconde","status":"publish","type":"page","link":"https:\/\/casadapraiafilmes.com.br\/?page_id=2228","title":{"rendered":"ESCONDE-ESCONDE"},"content":{"rendered":"<p>[et_pb_section fb_built=&#8221;1&#8243; specialty=&#8221;on&#8221; _builder_version=&#8221;4.21.0&#8243; _module_preset=&#8221;default&#8221; background_color=&#8221;#FFFFFF&#8221; custom_padding=&#8221;9px|||||&#8221; global_colors_info=&#8221;{}&#8221;][et_pb_column type=&#8221;1_2&#8243; _builder_version=&#8221;4.16&#8243; custom_padding=&#8221;|||&#8221; global_colors_info=&#8221;{}&#8221; custom_padding__hover=&#8221;|||&#8221;][dsm_perspective_image src=&#8221;https:\/\/casadapraiafilmes.com.br\/wp-content\/uploads\/2025\/01\/ESCONDE.jpg&#8221; title_text=&#8221;ESCONDE&#8221; show_in_lightbox=&#8221;on&#8221; _builder_version=&#8221;4.24.2&#8243; _module_preset=&#8221;default&#8221; global_colors_info=&#8221;{}&#8221;][\/dsm_perspective_image][\/et_pb_column][et_pb_column type=&#8221;1_2&#8243; specialty_columns=&#8221;2&#8243; _builder_version=&#8221;4.16&#8243; custom_padding=&#8221;|||&#8221; global_colors_info=&#8221;{}&#8221; custom_padding__hover=&#8221;|||&#8221;][et_pb_row_inner column_structure=&#8221;1_2,1_2&#8243; _builder_version=&#8221;4.21.0&#8243; _module_preset=&#8221;default&#8221; custom_padding=&#8221;||9px|||&#8221; global_colors_info=&#8221;{}&#8221;][et_pb_column_inner type=&#8221;1_2&#8243; saved_specialty_column_type=&#8221;1_2&#8243; _builder_version=&#8221;4.21.0&#8243; _module_preset=&#8221;default&#8221; global_colors_info=&#8221;{}&#8221;][et_pb_text _builder_version=&#8221;4.27.4&#8243; _module_preset=&#8221;default&#8221; text_text_color=&#8221;#000000&#8243; text_line_height=&#8221;1.5em&#8221; custom_margin=&#8221;||16px|||&#8221; inline_fonts=&#8221;Montserrat&#8221; global_colors_info=&#8221;{}&#8221;]<\/p>\n<p><span style=\"font-family: Montserrat; font-size: medium;\"><b>ESCONDE-ESCONDE<\/b><\/span><br \/><span style=\"font-family: Montserrat; font-weight: normal; font-size: small;\">2024, 10min, Fic\u00e7\u00e3o (drama), Brasil<\/span><\/p>\n<p><span style=\"font-family: Montserrat; font-weight: normal; font-size: small;\"><strong>Classifica\u00e7\u00e3o indicativa:<\/strong> Aguardando CPB<\/span><br \/><strong><br \/><span style=\"font-family: Montserrat; font-size: medium;\">DIRE\u00c7\u00c3O<\/span><\/strong><br \/>Vit\u00f3ria Vasconcellos<\/p>\n<p>[\/et_pb_text][et_pb_toggle title=&#8221;SINOPSE&#8221; open_toggle_text_color=&#8221;#000000&#8243; closed_toggle_background_color=&#8221;#FFFFFF&#8221; icon_color=&#8221;#000000&#8243; toggle_icon=&#8221;&#x22;||divi||400&#8243; open_icon_color=&#8221;#000000&#8243; _builder_version=&#8221;4.24.2&#8243; _module_preset=&#8221;default&#8221; title_text_color=&#8221;#000000&#8243; title_level=&#8221;h6&#8243; title_font=&#8221;|800|||||||&#8221; title_text_align=&#8221;left&#8221; title_font_size=&#8221;16px&#8221; title_line_height=&#8221;1.2em&#8221; body_font=&#8221;Montserrat||||||||&#8221; body_text_color=&#8221;#000000&#8243; body_font_size=&#8221;12px&#8221; body_line_height=&#8221;1.5em&#8221; custom_margin=&#8221;||-1px|-17px|false|false&#8221; custom_padding=&#8221;6px||6px|||&#8221; border_style_all=&#8221;none&#8221; inline_fonts=&#8221;Montserrat&#8221; global_colors_info=&#8221;{}&#8221;]Na voraz cidade de S\u00e3o Paulo, uma jovem enfrenta uma situa\u00e7\u00e3o decisiva quando a visita inesperada de sua fam\u00edlia colide com um segredo perigoso que ela vem escondendo.[\/et_pb_toggle][et_pb_toggle title=&#8221;ELENCO&#8221; open_toggle_text_color=&#8221;#000000&#8243; closed_toggle_background_color=&#8221;#FFFFFF&#8221; icon_color=&#8221;#000000&#8243; toggle_icon=&#8221;&#x22;||divi||400&#8243; open_icon_color=&#8221;#000000&#8243; _builder_version=&#8221;4.24.2&#8243; _module_preset=&#8221;default&#8221; title_text_color=&#8221;#000000&#8243; title_level=&#8221;h6&#8243; title_font=&#8221;|800|||||||&#8221; title_text_align=&#8221;left&#8221; title_font_size=&#8221;16px&#8221; title_line_height=&#8221;1.2em&#8221; body_font=&#8221;Montserrat||||||||&#8221; body_text_color=&#8221;#000000&#8243; body_font_size=&#8221;12px&#8221; body_line_height=&#8221;1.5em&#8221; custom_margin=&#8221;||-1px|-17px|false|false&#8221; custom_padding=&#8221;6px||6px|||&#8221; border_style_all=&#8221;none&#8221; inline_fonts=&#8221;Montserrat&#8221; global_colors_info=&#8221;{}&#8221;]<\/p>\n<p>Vit\u00f3ria Vasconcellos<br \/>Gl\u00f3ria Maciel<br \/>Luciana Lyra<br \/>Ronna Salgado<\/p>\n<p>[\/et_pb_toggle][et_pb_toggle title=&#8221;FESTIVAIS E PR\u00caMIOS&#8221; open_toggle_text_color=&#8221;#000000&#8243; closed_toggle_background_color=&#8221;#FFFFFF&#8221; icon_color=&#8221;#000000&#8243; toggle_icon=&#8221;&#x22;||divi||400&#8243; open_icon_color=&#8221;#000000&#8243; _builder_version=&#8221;4.27.4&#8243; _module_preset=&#8221;default&#8221; title_text_color=&#8221;#000000&#8243; title_level=&#8221;h6&#8243; title_font=&#8221;|800|||||||&#8221; title_text_align=&#8221;left&#8221; title_font_size=&#8221;16px&#8221; title_line_height=&#8221;1.2em&#8221; body_font=&#8221;Montserrat||||||||&#8221; body_text_color=&#8221;#000000&#8243; body_font_size=&#8221;12px&#8221; body_line_height=&#8221;1.5em&#8221; custom_margin=&#8221;||-1px|-17px|false|false&#8221; custom_padding=&#8221;6px||6px|||&#8221; border_style_all=&#8221;none&#8221; inline_fonts=&#8221;Montserrat&#8221; global_colors_info=&#8221;{}&#8221;]\u25c9 33\u00ba Festival de Cinema Latino-Americano de Biarritz<br \/>\n\u25c9 28\u00aa Mostra de Cinema de Tiradentes<br \/>\n\u25c9 29\u00ba Cine PE<br \/>\n\u25c9 34\u00ba Festival Curta Cinema<br \/>\n\u25c9 78\u00ba EIFF &#8211; Edinburgh International Film Festival<br \/>\n\u25c9 31\u00ba Palm Springs International ShortFest[\/et_pb_toggle][et_pb_toggle title=&#8221;FICHA T\u00c9CNICA&#8221; open_toggle_text_color=&#8221;#000000&#8243; closed_toggle_background_color=&#8221;#FFFFFF&#8221; icon_color=&#8221;#000000&#8243; toggle_icon=&#8221;&#x22;||divi||400&#8243; open_icon_color=&#8221;#000000&#8243; _builder_version=&#8221;4.27.4&#8243; _module_preset=&#8221;default&#8221; title_text_color=&#8221;#000000&#8243; title_level=&#8221;h6&#8243; title_font=&#8221;Montserrat|800|||||||&#8221; title_text_align=&#8221;left&#8221; title_font_size=&#8221;16px&#8221; body_font=&#8221;Montserrat||||||||&#8221; body_text_color=&#8221;#000000&#8243; body_font_size=&#8221;12px&#8221; body_line_height=&#8221;1.5em&#8221; custom_margin=&#8221;-10px|||-16px|false|false&#8221; border_style_all=&#8221;none&#8221; inline_fonts=&#8221;Montserrat&#8221; global_colors_info=&#8221;{}&#8221;]<\/p>\n<p><strong>Empresas Produtoras:<\/strong> Del\u00edrio Filmes; Casa Da Praia Filmes<br \/><strong>Escrito e dirigido por:<\/strong> Vit\u00f3ria Vasconcellos<br \/><strong>Produzido por:<\/strong> Juli\u00e1n Nebreda-Bello; Vit\u00f3ria Vasconcellos; Pedro Fiuza; Mariana Hardi<br \/><strong>Montagem:<\/strong> Artur Andrade<br \/><strong>Desenho de Som e Mixagem:<\/strong> Sebasti\u00e1n D\u00edaz<br \/><strong>M\u00fasica:<\/strong> Artur Andrade; Sebasti\u00e1n D\u00edaz<\/p>\n<p>[\/et_pb_toggle][\/et_pb_column_inner][et_pb_column_inner type=&#8221;1_2&#8243; saved_specialty_column_type=&#8221;1_2&#8243; _builder_version=&#8221;4.21.0&#8243; _module_preset=&#8221;default&#8221; global_colors_info=&#8221;{}&#8221;][et_pb_image src=&#8221;https:\/\/casadapraiafilmes.com.br\/wp-content\/uploads\/2025\/11\/LOUROS.jpg&#8221; title_text=&#8221;LOUROS&#8221; align=&#8221;center&#8221; _builder_version=&#8221;4.27.4&#8243; _module_preset=&#8221;default&#8221; width=&#8221;100%&#8221; max_width=&#8221;100%&#8221; module_alignment=&#8221;center&#8221; global_colors_info=&#8221;{}&#8221;][\/et_pb_image][et_pb_text _builder_version=&#8221;4.27.4&#8243; _module_preset=&#8221;default&#8221; text_text_color=&#8221;#000000&#8243; text_line_height=&#8221;1.5em&#8221; custom_margin=&#8221;||12px|||&#8221; inline_fonts=&#8221;Montserrat&#8221; global_colors_info=&#8221;{}&#8221;]<\/p>\n<p><span style=\"font-family: Montserrat; font-size: medium;\"><b>ASSISTA:<\/b><\/span><br \/><span style=\"font-family: Montserrat; font-weight: normal; font-size: small;\"><\/span><\/p>\n<p>[\/et_pb_text][dsm_button button_one_text=&#8221;Teaser&#8221; button_one_url=&#8221;https:\/\/youtu.be\/daOsLBKCVBU&#8221; button_one_video_popup=&#8221;on&#8221; button_alignment=&#8221;left&#8221; _builder_version=&#8221;4.27.4&#8243; _module_preset=&#8221;default&#8221; custom_button_one=&#8221;on&#8221; button_one_text_size=&#8221;16px&#8221; button_one_text_color=&#8221;#4f4f4f&#8221; button_one_bg_color=&#8221;RGBA(255,255,255,0)&#8221; button_one_border_width=&#8221;0px&#8221; button_one_border_color=&#8221;RGBA(255,255,255,0)&#8221; button_one_icon=&#8221;&#x3d;||divi||400&#8243; custom_margin=&#8221;-17px||-2px|||&#8221; custom_padding=&#8221;0px|||||&#8221; locked=&#8221;off&#8221; global_colors_info=&#8221;{}&#8221;][\/dsm_button][et_pb_image src=&#8221;https:\/\/casadapraiafilmes.com.br\/wp-content\/uploads\/2023\/06\/imdb-1.svg&#8221; title_text=&#8221;imdb&#8221; url=&#8221;https:\/\/www.imdb.com\/pt\/title\/tt33322471\/&#8221; url_new_window=&#8221;on&#8221; _builder_version=&#8221;4.27.4&#8243; _module_preset=&#8221;default&#8221; width=&#8221;15%&#8221; custom_margin=&#8221;||3px|16px|false|false&#8221; custom_padding=&#8221;3px||0px|||&#8221; locked=&#8221;off&#8221; global_colors_info=&#8221;{}&#8221;][\/et_pb_image][et_pb_image src=&#8221;https:\/\/casadapraiafilmes.com.br\/wp-content\/uploads\/2023\/06\/letterbox.svg&#8221; title_text=&#8221;letterbox&#8221; url=&#8221;https:\/\/letterboxd.com\/film\/esconde-esconde\/&#8221; url_new_window=&#8221;on&#8221; _builder_version=&#8221;4.27.4&#8243; _module_preset=&#8221;default&#8221; width=&#8221;15%&#8221; custom_margin=&#8221;||3px|16px|false|false&#8221; custom_padding=&#8221;3px||0px|||&#8221; locked=&#8221;off&#8221; global_colors_info=&#8221;{}&#8221;][\/et_pb_image][\/et_pb_column_inner][\/et_pb_row_inner][\/et_pb_column][\/et_pb_section]<\/p>\n","protected":false},"excerpt":{"rendered":"<p><div class=\"et_pb_module dsm_perspective_image dsm_perspective_image_0\">\n\t\t\t\t\n\t\t\t\t\n\t\t\t\t\n\t\t\t\t\n\t\t\t\t\n\t\t\t\t\n\t\t\t\t<div class=\"et_pb_module_inner\">\n\t\t\t\t\t<div class=\"dsm-perspective-image-wrapper et_always_center_on_mobile\">\n\t\t\t\t\n\t\t\t\t\n\t\t\t\t<a href=\"https:\/\/casadapraiafilmes.com.br\/wp-content\/uploads\/2025\/01\/ESCONDE.jpg\" class=\"et_pb_lightbox_image dsm-image-lightbox\" title=\"ESCONDE\" alt=\"\" data-mfp-src=\"https:\/\/casadapraiafilmes.com.br\/wp-content\/uploads\/2025\/01\/ESCONDE.jpg\" data-dsm-lightbox-id=\"dsm_perspective_image_0\"><span class=\"et_pb_image_wrap \"><img decoding=\"async\" src=\"https:\/\/casadapraiafilmes.com.br\/wp-content\/uploads\/2025\/01\/ESCONDE.jpg\" alt=\"\" title=\"ESCONDE\" \/><\/span><\/a>\n\t\t\t<\/div>\n\t\t\t\t<\/div>\n\t\t\t<\/div>ESCONDE-ESCONDE2024, 10min, Fic\u00e7\u00e3o (drama), Brasil Classifica\u00e7\u00e3o indicativa: Aguardando CPBDIRE\u00c7\u00c3OVit\u00f3ria VasconcellosNa voraz cidade de S\u00e3o Paulo, uma jovem enfrenta uma situa\u00e7\u00e3o decisiva quando a visita inesperada de sua fam\u00edlia colide com um segredo perigoso que ela vem escondendo.Vit\u00f3ria VasconcellosGl\u00f3ria MacielLuciana LyraRonna Salgado\u25c9 33\u00ba Festival de Cinema Latino-Americano de Biarritz \u25c9 [&hellip;]<\/p>\n","protected":false},"author":1,"featured_media":0,"parent":0,"menu_order":0,"comment_status":"closed","ping_status":"closed","template":"","meta":{"_et_pb_use_builder":"on","_et_pb_old_content":"<!-- wp:paragraph -->\r\n<p>Esta \u00e9 uma p\u00e1gina de exemplo. \u00c9 diferente de um post no blog porque ela permanecer\u00e1 em um lugar e aparecer\u00e1 na navega\u00e7\u00e3o do seu site na maioria dos temas. Muitas pessoas come\u00e7am com uma p\u00e1gina que as apresenta a poss\u00edveis visitantes do site. Ela pode dizer algo assim:<\/p>\r\n<!-- \/wp:paragraph -->\r\n\r\n<!-- wp:quote -->\r\n<blockquote class=\"wp-block-quote\">\r\n<p>Ol\u00e1! Eu sou um mensageiro de bicicleta durante o dia, ator aspirante \u00e0 noite, e este \u00e9 o meu site. Eu moro em S\u00e3o Paulo, tenho um grande cachorro chamado Rex e gosto de tomar caipirinha (e banhos de chuva).<\/p>\r\n<\/blockquote>\r\n<!-- \/wp:quote -->\r\n\r\n<!-- wp:paragraph -->\r\n<p>...ou alguma coisa assim:<\/p>\r\n<!-- \/wp:paragraph -->\r\n\r\n<!-- wp:quote -->\r\n<blockquote class=\"wp-block-quote\">\r\n<p>A Companhia de Miniaturas XYZ foi fundada em 1971, e desde ent\u00e3o tem fornecido miniaturas de qualidade ao p\u00fablico. Localizada na cidade de Itu, a XYZ emprega mais de 2.000 pessoas e faz coisas grandiosas para a comunidade da cidade.<\/p>\r\n<\/blockquote>\r\n<!-- \/wp:quote -->\r\n\r\n<!-- wp:paragraph -->\r\n<p>Como um novo usu\u00e1rio do WordPress, voc\u00ea deveria ir ao <a href=\"https:\/\/casadapraiafilmes.com.br\/wp-admin\/\">painel<\/a> para excluir essa p\u00e1gina e criar novas p\u00e1ginas para o seu conte\u00fado. Divirta-se!<\/p>\r\n<!-- \/wp:paragraph -->","_et_gb_content_width":"","inline_featured_image":false,"footnotes":""},"class_list":["post-2228","page","type-page","status-publish","hentry"],"_links":{"self":[{"href":"https:\/\/casadapraiafilmes.com.br\/index.php?rest_route=\/wp\/v2\/pages\/2228","targetHints":{"allow":["GET"]}}],"collection":[{"href":"https:\/\/casadapraiafilmes.com.br\/index.php?rest_route=\/wp\/v2\/pages"}],"about":[{"href":"https:\/\/casadapraiafilmes.com.br\/index.php?rest_route=\/wp\/v2\/types\/page"}],"author":[{"embeddable":true,"href":"https:\/\/casadapraiafilmes.com.br\/index.php?rest_route=\/wp\/v2\/users\/1"}],"replies":[{"embeddable":true,"href":"https:\/\/casadapraiafilmes.com.br\/index.php?rest_route=%2Fwp%2Fv2%2Fcomments&post=2228"}],"version-history":[{"count":6,"href":"https:\/\/casadapraiafilmes.com.br\/index.php?rest_route=\/wp\/v2\/pages\/2228\/revisions"}],"predecessor-version":[{"id":4159,"href":"https:\/\/casadapraiafilmes.com.br\/index.php?rest_route=\/wp\/v2\/pages\/2228\/revisions\/4159"}],"wp:attachment":[{"href":"https:\/\/casadapraiafilmes.com.br\/index.php?rest_route=%2Fwp%2Fv2%2Fmedia&parent=2228"}],"curies":[{"name":"wp","href":"https:\/\/api.w.org\/{rel}","templated":true}]}}