{"id":4068,"date":"2025-11-12T15:16:39","date_gmt":"2025-11-12T18:16:39","guid":{"rendered":"https:\/\/casadapraiafilmes.com.br\/?page_id=4068"},"modified":"2025-11-12T17:29:55","modified_gmt":"2025-11-12T20:29:55","slug":"mae-santissima","status":"publish","type":"page","link":"https:\/\/casadapraiafilmes.com.br\/?page_id=4068","title":{"rendered":"M\u00c3E SANT\u00cdSSIMA"},"content":{"rendered":"<p>[et_pb_section fb_built=&#8221;1&#8243; specialty=&#8221;on&#8221; _builder_version=&#8221;4.21.0&#8243; _module_preset=&#8221;default&#8221; background_color=&#8221;#FFFFFF&#8221; custom_padding=&#8221;9px|||||&#8221; global_colors_info=&#8221;{}&#8221;][et_pb_column type=&#8221;1_2&#8243; _builder_version=&#8221;4.16&#8243; custom_padding=&#8221;|||&#8221; global_colors_info=&#8221;{}&#8221; custom_padding__hover=&#8221;|||&#8221;][dsm_perspective_image src=&#8221;https:\/\/casadapraiafilmes.com.br\/wp-content\/uploads\/2025\/11\/MAE.jpg&#8221; title_text=&#8221;MAE&#8221; show_in_lightbox=&#8221;on&#8221; _builder_version=&#8221;4.27.4&#8243; _module_preset=&#8221;default&#8221; hover_enabled=&#8221;0&#8243; global_colors_info=&#8221;{}&#8221; sticky_enabled=&#8221;0&#8243;][\/dsm_perspective_image][\/et_pb_column][et_pb_column type=&#8221;1_2&#8243; specialty_columns=&#8221;2&#8243; _builder_version=&#8221;4.16&#8243; custom_padding=&#8221;|||&#8221; global_colors_info=&#8221;{}&#8221; custom_padding__hover=&#8221;|||&#8221;][et_pb_row_inner column_structure=&#8221;1_2,1_2&#8243; _builder_version=&#8221;4.21.0&#8243; _module_preset=&#8221;default&#8221; custom_padding=&#8221;||9px|||&#8221; global_colors_info=&#8221;{}&#8221;][et_pb_column_inner type=&#8221;1_2&#8243; saved_specialty_column_type=&#8221;1_2&#8243; _builder_version=&#8221;4.21.0&#8243; _module_preset=&#8221;default&#8221; global_colors_info=&#8221;{}&#8221;][et_pb_text _builder_version=&#8221;4.27.4&#8243; _module_preset=&#8221;default&#8221; text_text_color=&#8221;#000000&#8243; text_line_height=&#8221;1.5em&#8221; custom_margin=&#8221;||6px|||&#8221; hover_enabled=&#8221;0&#8243; inline_fonts=&#8221;Montserrat&#8221; global_colors_info=&#8221;{}&#8221; sticky_enabled=&#8221;0&#8243;]<\/p>\n<p><strong>M\u00c3E SANT\u00cdSSIMA<\/strong><br \/>17 min, RN, Fic\u00e7\u00e3o (drama)<\/p>\n<p><strong>Classifica\u00e7\u00e3o indicativa:<\/strong> 12 anos<\/p>\n<p><strong>DIRE\u00c7\u00c3O<\/strong><br \/>Buca Dantas<\/p>\n<p>[\/et_pb_text][et_pb_toggle title=&#8221;ELENCO&#8221; open_toggle_text_color=&#8221;#000000&#8243; open_toggle_background_color=&#8221;RGBA(255,255,255,0)&#8221; closed_toggle_background_color=&#8221;RGBA(255,255,255,0)&#8221; icon_color=&#8221;#000000&#8243; toggle_icon=&#8221;&#x22;||divi||400&#8243; open_icon_color=&#8221;#000000&#8243; _builder_version=&#8221;4.27.4&#8243; _module_preset=&#8221;default&#8221; title_text_color=&#8221;#000000&#8243; title_level=&#8221;h6&#8243; title_font=&#8221;Montserrat|800|||||||&#8221; title_text_align=&#8221;left&#8221; title_font_size=&#8221;15px&#8221; closed_title_font=&#8221;Montserrat||||||||&#8221; closed_title_line_height=&#8221;1.5em&#8221; body_font=&#8221;Montserrat||||||||&#8221; body_text_color=&#8221;#000000&#8243; body_font_size=&#8221;15px&#8221; body_line_height=&#8221;1.4em&#8221; module_alignment=&#8221;left&#8221; custom_margin=&#8221;||-1px|-17px|false|false&#8221; custom_padding=&#8221;6px||5px|||&#8221; hover_enabled=&#8221;0&#8243; border_style_all=&#8221;none&#8221; global_colors_info=&#8221;{}&#8221; sticky_enabled=&#8221;0&#8243;]Maria das Gra\u00e7as (Preta)<br \/>\nMaria Eduarda<br \/>\nMaria Fernanda<br \/>\nAdryan Gabriel<br \/>\nRanieri Fernandes<br \/>\nHeslley Fernandes<br \/>\nMaria Francisca<br \/>\nJoaquim Francisco[\/et_pb_toggle][et_pb_toggle title=&#8221;SINOPSE&#8221; open_toggle_text_color=&#8221;#000000&#8243; open_toggle_background_color=&#8221;RGBA(255,255,255,0)&#8221; closed_toggle_background_color=&#8221;RGBA(255,255,255,0)&#8221; icon_color=&#8221;#000000&#8243; toggle_icon=&#8221;&#x22;||divi||400&#8243; open_icon_color=&#8221;#000000&#8243; _builder_version=&#8221;4.27.4&#8243; _module_preset=&#8221;default&#8221; title_text_color=&#8221;#000000&#8243; title_level=&#8221;h6&#8243; title_font=&#8221;Montserrat|800|||||||&#8221; title_text_align=&#8221;left&#8221; title_font_size=&#8221;15px&#8221; closed_title_font=&#8221;Montserrat||||||||&#8221; closed_title_line_height=&#8221;1.5em&#8221; body_font=&#8221;Montserrat||||||||&#8221; body_text_color=&#8221;#000000&#8243; body_font_size=&#8221;15px&#8221; body_line_height=&#8221;1.4em&#8221; module_alignment=&#8221;left&#8221; custom_margin=&#8221;||-1px|-17px|false|false&#8221; custom_padding=&#8221;5px||3px|||&#8221; hover_enabled=&#8221;0&#8243; border_style_all=&#8221;none&#8221; global_colors_info=&#8221;{}&#8221; sticky_enabled=&#8221;0&#8243;]<\/p>\n<p>No sert\u00e3o onde a poeira nunca assenta, os destinos de Osvaldo, Aparecida e Maur\u00edcio se cruzam de forma inevit\u00e1vel, guiados por uma profecia que ecoa como senten\u00e7a e por uma paix\u00e3o que busca quebrar o ciclo da morte.<\/p>\n<p>[\/et_pb_toggle][et_pb_toggle title=&#8221;FESTIVAIS E PR\u00caMIOS&#8221; open_toggle_text_color=&#8221;#000000&#8243; closed_toggle_background_color=&#8221;#FFFFFF&#8221; icon_color=&#8221;#000000&#8243; toggle_icon=&#8221;&#x22;||divi||400&#8243; open_icon_color=&#8221;#000000&#8243; _builder_version=&#8221;4.27.4&#8243; _module_preset=&#8221;default&#8221; title_text_color=&#8221;#000000&#8243; title_level=&#8221;h6&#8243; title_font=&#8221;|800|||||||&#8221; title_text_align=&#8221;left&#8221; title_font_size=&#8221;16px&#8221; title_line_height=&#8221;1.2em&#8221; body_font=&#8221;Montserrat||||||||&#8221; body_text_color=&#8221;#000000&#8243; body_font_size=&#8221;12px&#8221; body_line_height=&#8221;1.5em&#8221; custom_margin=&#8221;||-1px|-17px|false|false&#8221; custom_padding=&#8221;7px||6px|||&#8221; hover_enabled=&#8221;0&#8243; border_style_all=&#8221;none&#8221; inline_fonts=&#8221;Montserrat&#8221; global_colors_info=&#8221;{}&#8221; sticky_enabled=&#8221;0&#8243;][\/et_pb_toggle][et_pb_toggle title=&#8221;FICHA T\u00c9CNICA&#8221; open_toggle_text_color=&#8221;#000000&#8243; closed_toggle_background_color=&#8221;#FFFFFF&#8221; icon_color=&#8221;#000000&#8243; toggle_icon=&#8221;&#x22;||divi||400&#8243; open_icon_color=&#8221;#000000&#8243; _builder_version=&#8221;4.27.4&#8243; _module_preset=&#8221;default&#8221; title_text_color=&#8221;#000000&#8243; title_level=&#8221;h6&#8243; title_font=&#8221;Montserrat|800|||||||&#8221; title_text_align=&#8221;left&#8221; title_font_size=&#8221;16px&#8221; body_font=&#8221;Montserrat||||||||&#8221; body_line_height=&#8221;1.5em&#8221; width=&#8221;107.9%&#8221; custom_margin=&#8221;-10px|-49px||-16px|false|false&#8221; custom_padding=&#8221;12px|||20px||&#8221; hover_enabled=&#8221;0&#8243; border_style_all=&#8221;none&#8221; inline_fonts=&#8221;Montserrat&#8221; global_colors_info=&#8221;{}&#8221; sticky_enabled=&#8221;0&#8243;]<\/p>\n<p><strong>Empresas Produtoras:<\/strong> Usina Filmes, Praieira Filmes e Sucesso Jingle<br \/><strong>Dirigido por:<\/strong> Buca Dantas<br \/><strong>Escrito por:<\/strong> Ros\u00e1lia Figueiredo<br \/><strong>Produzido por:<\/strong> Luiza de S\u00e1, Iara Carvalho, Jacquesiane Azevedo, Maria das Gra\u00e7as (Preta) e Su\u00e9ly Souza<br \/><strong>Produ\u00e7\u00e3o Executiva:<\/strong> Luiza de S\u00e1<br \/><strong>Dire\u00e7\u00e3o de Arte:<\/strong> Makarios Maia e Mathieu Duvignaud<br \/><strong>Dire\u00e7\u00e3o de Fotografia:<\/strong> Carito Cavalcanti<br \/><strong>Montagem:<\/strong> Fernando Suassuna<br \/><strong>Desenho de Som e Mixagem:<\/strong> Fernando Suassuna<br \/><strong>Som Direto:<\/strong> Fernando Suassuna<br \/><strong>Figurino:<\/strong> Jacquesiane Azevedo<br \/><strong>Maquiagem:<\/strong> France\u00edres Cristina<br \/><strong>Prepara\u00e7\u00e3o de Elenco:<\/strong> Makarios Maia<br \/><strong>Cenografia:<\/strong> Ded\u00e9 Carna\u00faba<\/p>\n<p>[\/et_pb_toggle][\/et_pb_column_inner][et_pb_column_inner type=&#8221;1_2&#8243; saved_specialty_column_type=&#8221;1_2&#8243; _builder_version=&#8221;4.21.0&#8243; _module_preset=&#8221;default&#8221; global_colors_info=&#8221;{}&#8221;][et_pb_text _builder_version=&#8221;4.23.1&#8243; _module_preset=&#8221;default&#8221; text_text_color=&#8221;#000000&#8243; text_line_height=&#8221;1.5em&#8221; custom_margin=&#8221;||8px|||&#8221; inline_fonts=&#8221;Montserrat&#8221; global_colors_info=&#8221;{}&#8221;]<\/p>\n<p><span style=\"font-family: Montserrat; font-weight: normal; font-size: medium;\"><strong>ASSISTA:<\/strong><\/span><span style=\"font-family: Montserrat; font-weight: normal;\"><\/span><\/p>\n<p>[\/et_pb_text][dsm_button button_one_text=&#8221;Teaser&#8221; button_one_url=&#8221;https:\/\/vimeo.com\/740374638&#8243; button_one_video_popup=&#8221;on&#8221; button_alignment=&#8221;left&#8221; _builder_version=&#8221;4.24.2&#8243; _module_preset=&#8221;default&#8221; custom_button_one=&#8221;on&#8221; button_one_text_size=&#8221;16px&#8221; button_one_text_color=&#8221;#4f4f4f&#8221; button_one_bg_color=&#8221;RGBA(255,255,255,0)&#8221; button_one_border_width=&#8221;0px&#8221; button_one_border_color=&#8221;RGBA(255,255,255,0)&#8221; button_one_icon=&#8221;&#x3d;||divi||400&#8243; custom_margin=&#8221;-14px||6px|||&#8221; custom_padding=&#8221;0px|||||&#8221; global_colors_info=&#8221;{}&#8221;][\/dsm_button][\/et_pb_column_inner][\/et_pb_row_inner][\/et_pb_column][\/et_pb_section]<\/p>\n","protected":false},"excerpt":{"rendered":"<p><div class=\"et_pb_module dsm_perspective_image dsm_perspective_image_0\">\n\t\t\t\t\n\t\t\t\t\n\t\t\t\t\n\t\t\t\t\n\t\t\t\t\n\t\t\t\t\n\t\t\t\t<div class=\"et_pb_module_inner\">\n\t\t\t\t\t<div class=\"dsm-perspective-image-wrapper et_always_center_on_mobile\">\n\t\t\t\t\n\t\t\t\t\n\t\t\t\t<a href=\"https:\/\/casadapraiafilmes.com.br\/wp-content\/uploads\/2025\/11\/MAE.jpg\" class=\"et_pb_lightbox_image dsm-image-lightbox\" title=\"MAE\" alt=\"\" data-mfp-src=\"https:\/\/casadapraiafilmes.com.br\/wp-content\/uploads\/2025\/11\/MAE.jpg\" data-dsm-lightbox-id=\"dsm_perspective_image_0\"><span class=\"et_pb_image_wrap \"><img decoding=\"async\" src=\"https:\/\/casadapraiafilmes.com.br\/wp-content\/uploads\/2025\/11\/MAE.jpg\" alt=\"\" title=\"MAE\" \/><\/span><\/a>\n\t\t\t<\/div>\n\t\t\t\t<\/div>\n\t\t\t<\/div>M\u00c3E SANT\u00cdSSIMA17 min, RN, Fic\u00e7\u00e3o (drama) Classifica\u00e7\u00e3o indicativa: 12 anos DIRE\u00c7\u00c3OBuca DantasMaria das Gra\u00e7as (Preta) Maria Eduarda Maria Fernanda Adryan Gabriel Ranieri Fernandes Heslley Fernandes Maria Francisca Joaquim FranciscoNo sert\u00e3o onde a poeira nunca assenta, os destinos de Osvaldo, Aparecida e Maur\u00edcio se cruzam de forma inevit\u00e1vel, [&hellip;]<\/p>\n","protected":false},"author":1,"featured_media":0,"parent":0,"menu_order":0,"comment_status":"closed","ping_status":"closed","template":"","meta":{"_et_pb_use_builder":"on","_et_pb_old_content":"<!-- wp:paragraph -->\r\n<p>Esta \u00e9 uma p\u00e1gina de exemplo. \u00c9 diferente de um post no blog porque ela permanecer\u00e1 em um lugar e aparecer\u00e1 na navega\u00e7\u00e3o do seu site na maioria dos temas. Muitas pessoas come\u00e7am com uma p\u00e1gina que as apresenta a poss\u00edveis visitantes do site. Ela pode dizer algo assim:<\/p>\r\n<!-- \/wp:paragraph -->\r\n\r\n<!-- wp:quote -->\r\n<blockquote class=\"wp-block-quote\">\r\n<p>Ol\u00e1! Eu sou um mensageiro de bicicleta durante o dia, ator aspirante \u00e0 noite, e este \u00e9 o meu site. Eu moro em S\u00e3o Paulo, tenho um grande cachorro chamado Rex e gosto de tomar caipirinha (e banhos de chuva).<\/p>\r\n<\/blockquote>\r\n<!-- \/wp:quote -->\r\n\r\n<!-- wp:paragraph -->\r\n<p>...ou alguma coisa assim:<\/p>\r\n<!-- \/wp:paragraph -->\r\n\r\n<!-- wp:quote -->\r\n<blockquote class=\"wp-block-quote\">\r\n<p>A Companhia de Miniaturas XYZ foi fundada em 1971, e desde ent\u00e3o tem fornecido miniaturas de qualidade ao p\u00fablico. Localizada na cidade de Itu, a XYZ emprega mais de 2.000 pessoas e faz coisas grandiosas para a comunidade da cidade.<\/p>\r\n<\/blockquote>\r\n<!-- \/wp:quote -->\r\n\r\n<!-- wp:paragraph -->\r\n<p>Como um novo usu\u00e1rio do WordPress, voc\u00ea deveria ir ao <a href=\"https:\/\/casadapraiafilmes.com.br\/wp-admin\/\">painel<\/a> para excluir essa p\u00e1gina e criar novas p\u00e1ginas para o seu conte\u00fado. Divirta-se!<\/p>\r\n<!-- \/wp:paragraph -->","_et_gb_content_width":"","inline_featured_image":false,"footnotes":""},"class_list":["post-4068","page","type-page","status-publish","hentry"],"_links":{"self":[{"href":"https:\/\/casadapraiafilmes.com.br\/index.php?rest_route=\/wp\/v2\/pages\/4068","targetHints":{"allow":["GET"]}}],"collection":[{"href":"https:\/\/casadapraiafilmes.com.br\/index.php?rest_route=\/wp\/v2\/pages"}],"about":[{"href":"https:\/\/casadapraiafilmes.com.br\/index.php?rest_route=\/wp\/v2\/types\/page"}],"author":[{"embeddable":true,"href":"https:\/\/casadapraiafilmes.com.br\/index.php?rest_route=\/wp\/v2\/users\/1"}],"replies":[{"embeddable":true,"href":"https:\/\/casadapraiafilmes.com.br\/index.php?rest_route=%2Fwp%2Fv2%2Fcomments&post=4068"}],"version-history":[{"count":2,"href":"https:\/\/casadapraiafilmes.com.br\/index.php?rest_route=\/wp\/v2\/pages\/4068\/revisions"}],"predecessor-version":[{"id":4114,"href":"https:\/\/casadapraiafilmes.com.br\/index.php?rest_route=\/wp\/v2\/pages\/4068\/revisions\/4114"}],"wp:attachment":[{"href":"https:\/\/casadapraiafilmes.com.br\/index.php?rest_route=%2Fwp%2Fv2%2Fmedia&parent=4068"}],"curies":[{"name":"wp","href":"https:\/\/api.w.org\/{rel}","templated":true}]}}