{"id":619,"date":"2023-07-10T16:26:06","date_gmt":"2023-07-10T19:26:06","guid":{"rendered":"https:\/\/casadapraiafilmes.com.br\/?page_id=619"},"modified":"2025-12-03T10:11:00","modified_gmt":"2025-12-03T13:11:00","slug":"escolha","status":"publish","type":"page","link":"https:\/\/casadapraiafilmes.com.br\/?page_id=619","title":{"rendered":"Escolha"},"content":{"rendered":"<p>[et_pb_section fb_built=&#8221;1&#8243; specialty=&#8221;on&#8221; _builder_version=&#8221;4.21.0&#8243; _module_preset=&#8221;default&#8221; global_colors_info=&#8221;{}&#8221;][et_pb_column type=&#8221;1_2&#8243; specialty_columns=&#8221;2&#8243; _builder_version=&#8221;4.16&#8243; custom_padding=&#8221;|||&#8221; global_colors_info=&#8221;{}&#8221; custom_padding__hover=&#8221;|||&#8221;][et_pb_row_inner _builder_version=&#8221;4.21.0&#8243; _module_preset=&#8221;default&#8221; custom_padding=&#8221;5px||8px|||&#8221; global_colors_info=&#8221;{}&#8221;][et_pb_column_inner saved_specialty_column_type=&#8221;1_2&#8243; _builder_version=&#8221;4.21.0&#8243; _module_preset=&#8221;default&#8221; global_colors_info=&#8221;{}&#8221;][et_pb_image src=&#8221;https:\/\/casadapraiafilmes.com.br\/wp-content\/uploads\/2023\/07\/img2.jpg&#8221; title_text=&#8221;img2&#8243; _builder_version=&#8221;4.21.0&#8243; _module_preset=&#8221;default&#8221; custom_margin=&#8221;|11px||||&#8221; global_colors_info=&#8221;{}&#8221;][\/et_pb_image][\/et_pb_column_inner][\/et_pb_row_inner][\/et_pb_column][et_pb_column type=&#8221;1_4&#8243; _builder_version=&#8221;4.16&#8243; custom_padding=&#8221;|||&#8221; global_colors_info=&#8221;{}&#8221; custom_padding__hover=&#8221;|||&#8221;][et_pb_text _builder_version=&#8221;4.21.0&#8243; _module_preset=&#8221;default&#8221; text_font=&#8221;|800|||||||&#8221; text_text_color=&#8221;#000000&#8243; text_font_size=&#8221;19px&#8221; text_letter_spacing=&#8221;2px&#8221; text_orientation=&#8221;right&#8221; custom_margin=&#8221;||3px|||&#8221; custom_padding=&#8221;|13px|10px|||&#8221; border_width_right=&#8221;2px&#8221; global_colors_info=&#8221;{}&#8221;]<\/p>\n<p style=\"text-align: right;\">FILMES<\/p>\n<p>[\/et_pb_text][dsm_button button_one_text=&#8221;KAIRA E O TEMPORAL (2025)&#8221; button_one_url=&#8221;@ET-DC@eyJkeW5hbWljIjp0cnVlLCJjb250ZW50IjoicG9zdF9saW5rX3VybF9wYWdlIiwic2V0dGluZ3MiOnsicG9zdF9pZCI6IjQwNTMifX0=@&#8221; button_alignment=&#8221;right&#8221; separator_gap=&#8221;7px&#8221; _builder_version=&#8221;4.27.4&#8243; _dynamic_attributes=&#8221;button_one_url&#8221; _module_preset=&#8221;default&#8221; custom_button_one=&#8221;on&#8221; button_one_text_size=&#8221;14px&#8221; button_one_border_width=&#8221;0px&#8221; button_one_border_color=&#8221;RGBA(255,255,255,0)&#8221; button_one_font=&#8221;Montserrat|600|||||||&#8221; button_one_icon=&#8221;&#xe046;||divi||400&#8243; custom_margin=&#8221;||4px|-68px|false|false&#8221; custom_padding=&#8221;0px|0px|0px|0px|false|false&#8221; global_colors_info=&#8221;{}&#8221;][\/dsm_button][dsm_button button_one_text=&#8221;MEU AMIGO SATAN\u00c1S (2025)&#8221; button_one_url=&#8221;@ET-DC@eyJkeW5hbWljIjp0cnVlLCJjb250ZW50IjoicG9zdF9saW5rX3VybF9wYWdlIiwic2V0dGluZ3MiOnsicG9zdF9pZCI6IjQwNTYifX0=@&#8221; button_alignment=&#8221;right&#8221; separator_gap=&#8221;7px&#8221; _builder_version=&#8221;4.27.4&#8243; _dynamic_attributes=&#8221;button_one_url&#8221; _module_preset=&#8221;default&#8221; custom_button_one=&#8221;on&#8221; button_one_text_size=&#8221;14px&#8221; button_one_border_width=&#8221;0px&#8221; button_one_border_color=&#8221;RGBA(255,255,255,0)&#8221; button_one_font=&#8221;Montserrat|600|||||||&#8221; button_one_icon=&#8221;&#xe046;||divi||400&#8243; custom_margin=&#8221;-11px||4px|-68px|false|false&#8221; custom_padding=&#8221;0px|0px|0px|0px|false|false&#8221; global_colors_info=&#8221;{}&#8221;][\/dsm_button][dsm_button button_one_text=&#8221;ESCONDE-ESCONDE (2024)&#8221; button_one_url=&#8221;@ET-DC@eyJkeW5hbWljIjp0cnVlLCJjb250ZW50IjoicG9zdF9saW5rX3VybF9wYWdlIiwic2V0dGluZ3MiOnsicG9zdF9pZCI6IjIyMjgifX0=@&#8221; button_alignment=&#8221;right&#8221; separator_gap=&#8221;7px&#8221; _builder_version=&#8221;4.24.2&#8243; _dynamic_attributes=&#8221;button_one_url&#8221; _module_preset=&#8221;default&#8221; custom_button_one=&#8221;on&#8221; button_one_text_size=&#8221;14px&#8221; button_one_border_width=&#8221;0px&#8221; button_one_border_color=&#8221;RGBA(255,255,255,0)&#8221; button_one_font=&#8221;Montserrat|600|||||||&#8221; button_one_icon=&#8221;&#xe046;||divi||400&#8243; custom_margin=&#8221;-9px||4px|-68px|false|false&#8221; custom_padding=&#8221;0px|0px|0px|0px|false|false&#8221; global_colors_info=&#8221;{}&#8221;][\/dsm_button][dsm_button button_one_text=&#8221;A EDI\u00c7\u00c3O DO NORDESTE (2023)&#8221; button_one_url=&#8221;@ET-DC@eyJkeW5hbWljIjp0cnVlLCJjb250ZW50IjoicG9zdF9saW5rX3VybF9wYWdlIiwic2V0dGluZ3MiOnsicG9zdF9pZCI6IjczMSJ9fQ==@&#8221; button_alignment=&#8221;right&#8221; separator_gap=&#8221;7px&#8221; _builder_version=&#8221;4.21.0&#8243; _dynamic_attributes=&#8221;button_one_url&#8221; _module_preset=&#8221;default&#8221; custom_button_one=&#8221;on&#8221; button_one_text_size=&#8221;14px&#8221; button_one_border_width=&#8221;0px&#8221; button_one_border_color=&#8221;RGBA(255,255,255,0)&#8221; button_one_font=&#8221;Montserrat|600|||||||&#8221; button_one_icon=&#8221;&#xe046;||divi||400&#8243; custom_margin=&#8221;-10px||4px|-68px|false|false&#8221; custom_padding=&#8221;0px|0px|0px|0px|false|false&#8221; global_colors_info=&#8221;{}&#8221;][\/dsm_button][dsm_button button_one_text=&#8221;MUNDO 1 (2022)&#8221; button_one_url=&#8221;@ET-DC@eyJkeW5hbWljIjp0cnVlLCJjb250ZW50IjoicG9zdF9saW5rX3VybF9wYWdlIiwic2V0dGluZ3MiOnsicG9zdF9pZCI6IjczNCJ9fQ==@&#8221; button_alignment=&#8221;right&#8221; separator_gap=&#8221;7px&#8221; _builder_version=&#8221;4.21.0&#8243; _dynamic_attributes=&#8221;button_one_url&#8221; _module_preset=&#8221;default&#8221; custom_button_one=&#8221;on&#8221; button_one_text_size=&#8221;14px&#8221; button_one_border_width=&#8221;0px&#8221; button_one_border_color=&#8221;RGBA(255,255,255,0)&#8221; button_one_font=&#8221;Montserrat|600|||||||&#8221; button_one_icon=&#8221;&#xe046;||divi||400&#8243; custom_margin=&#8221;-10px||4px|-51px|false|false&#8221; custom_padding=&#8221;0px|0px|0px||false|false&#8221; global_colors_info=&#8221;{}&#8221;][\/dsm_button][dsm_button button_one_text=&#8221;BIG BANG (2022)&#8221; button_one_url=&#8221;@ET-DC@eyJkeW5hbWljIjp0cnVlLCJjb250ZW50IjoicG9zdF9saW5rX3VybF9wYWdlIiwic2V0dGluZ3MiOnsicG9zdF9pZCI6IjczNyJ9fQ==@&#8221; button_alignment=&#8221;right&#8221; separator_gap=&#8221;7px&#8221; _builder_version=&#8221;4.21.0&#8243; _dynamic_attributes=&#8221;button_one_url&#8221; _module_preset=&#8221;default&#8221; custom_button_one=&#8221;on&#8221; button_one_text_size=&#8221;14px&#8221; button_one_border_width=&#8221;0px&#8221; button_one_border_color=&#8221;RGBA(255,255,255,0)&#8221; button_one_font=&#8221;Montserrat|600|||||||&#8221; button_one_icon=&#8221;&#xe046;||divi||400&#8243; custom_margin=&#8221;-10px||4px|-51px|false|false&#8221; custom_padding=&#8221;0px|0px|0px||false|false&#8221; global_colors_info=&#8221;{}&#8221;][\/dsm_button][dsm_button button_one_text=&#8221;SIDERAL (2021)&#8221; button_one_url=&#8221;@ET-DC@eyJkeW5hbWljIjp0cnVlLCJjb250ZW50IjoicG9zdF9saW5rX3VybF9wYWdlIiwic2V0dGluZ3MiOnsicG9zdF9pZCI6Ijc0MCJ9fQ==@&#8221; button_alignment=&#8221;right&#8221; separator_gap=&#8221;7px&#8221; _builder_version=&#8221;4.21.0&#8243; _dynamic_attributes=&#8221;button_one_url&#8221; _module_preset=&#8221;default&#8221; custom_button_one=&#8221;on&#8221; button_one_text_size=&#8221;14px&#8221; button_one_border_width=&#8221;0px&#8221; button_one_border_color=&#8221;RGBA(255,255,255,0)&#8221; button_one_font=&#8221;Montserrat|600|||||||&#8221; button_one_icon=&#8221;&#xe046;||divi||400&#8243; custom_margin=&#8221;-10px||4px|-51px|false|false&#8221; custom_padding=&#8221;0px|0px|0px||false|false&#8221; global_colors_info=&#8221;{}&#8221;][\/dsm_button][dsm_button button_one_text=&#8221;LEG\u00cdTIMA DEFESA (2021)&#8221; button_one_url=&#8221;@ET-DC@eyJkeW5hbWljIjp0cnVlLCJjb250ZW50IjoicG9zdF9saW5rX3VybF9wYWdlIiwic2V0dGluZ3MiOnsicG9zdF9pZCI6Ijc1MiJ9fQ==@&#8221; button_alignment=&#8221;right&#8221; separator_gap=&#8221;7px&#8221; _builder_version=&#8221;4.21.0&#8243; _dynamic_attributes=&#8221;button_one_url&#8221; _module_preset=&#8221;default&#8221; custom_button_one=&#8221;on&#8221; button_one_text_size=&#8221;14px&#8221; button_one_border_width=&#8221;0px&#8221; button_one_border_color=&#8221;RGBA(255,255,255,0)&#8221; button_one_font=&#8221;Montserrat|600|||||||&#8221; button_one_icon=&#8221;&#xe046;||divi||400&#8243; custom_margin=&#8221;-10px||4px|-51px|false|false&#8221; custom_padding=&#8221;0px|0px|0px||false|false&#8221; global_colors_info=&#8221;{}&#8221;][\/dsm_button][dsm_button button_one_text=&#8221;TRANSETROPICAL (2021)&#8221; button_one_url=&#8221;@ET-DC@eyJkeW5hbWljIjp0cnVlLCJjb250ZW50IjoicG9zdF9saW5rX3VybF9wYWdlIiwic2V0dGluZ3MiOnsicG9zdF9pZCI6Ijc1NSJ9fQ==@&#8221; button_alignment=&#8221;right&#8221; separator_gap=&#8221;7px&#8221; _builder_version=&#8221;4.21.0&#8243; _dynamic_attributes=&#8221;button_one_url&#8221; _module_preset=&#8221;default&#8221; custom_button_one=&#8221;on&#8221; button_one_text_size=&#8221;14px&#8221; button_one_border_width=&#8221;0px&#8221; button_one_border_color=&#8221;RGBA(255,255,255,0)&#8221; button_one_font=&#8221;Montserrat|600|||||||&#8221; button_one_icon=&#8221;&#xe046;||divi||400&#8243; custom_margin=&#8221;-10px||4px|-51px|false|false&#8221; custom_padding=&#8221;0px|0px|0px||false|false&#8221; global_colors_info=&#8221;{}&#8221;][\/dsm_button][dsm_button button_one_text=&#8221;AUT\u00d4MATA (2020)&#8221; button_one_url=&#8221;@ET-DC@eyJkeW5hbWljIjp0cnVlLCJjb250ZW50IjoicG9zdF9saW5rX3VybF9wYWdlIiwic2V0dGluZ3MiOnsicG9zdF9pZCI6Ijc1OCJ9fQ==@&#8221; button_alignment=&#8221;right&#8221; separator_gap=&#8221;7px&#8221; _builder_version=&#8221;4.21.0&#8243; _dynamic_attributes=&#8221;button_one_url&#8221; _module_preset=&#8221;default&#8221; custom_button_one=&#8221;on&#8221; button_one_text_size=&#8221;14px&#8221; button_one_border_width=&#8221;0px&#8221; button_one_border_color=&#8221;RGBA(255,255,255,0)&#8221; button_one_font=&#8221;Montserrat|600|||||||&#8221; button_one_icon=&#8221;&#xe046;||divi||400&#8243; custom_margin=&#8221;-10px||4px|-51px|false|false&#8221; custom_padding=&#8221;0px|0px|0px||false|false&#8221; global_colors_info=&#8221;{}&#8221;][\/dsm_button][dsm_button button_one_text=&#8221;VAI MELHORAR (2020)&#8221; button_one_url=&#8221;@ET-DC@eyJkeW5hbWljIjp0cnVlLCJjb250ZW50IjoicG9zdF9saW5rX3VybF9wYWdlIiwic2V0dGluZ3MiOnsicG9zdF9pZCI6IjYxNCJ9fQ==@&#8221; button_alignment=&#8221;right&#8221; separator_gap=&#8221;7px&#8221; _builder_version=&#8221;4.21.0&#8243; _dynamic_attributes=&#8221;button_one_url&#8221; _module_preset=&#8221;default&#8221; custom_button_one=&#8221;on&#8221; button_one_text_size=&#8221;14px&#8221; button_one_border_width=&#8221;0px&#8221; button_one_border_color=&#8221;RGBA(255,255,255,0)&#8221; button_one_font=&#8221;Montserrat|600|||||||&#8221; button_one_icon=&#8221;&#xe046;||divi||400&#8243; custom_margin=&#8221;-10px||4px|-51px|false|false&#8221; custom_padding=&#8221;0px|0px|0px||false|false&#8221; global_colors_info=&#8221;{}&#8221;][\/dsm_button][dsm_button button_one_text=&#8221;FENDAS (2019)&#8221; button_one_url=&#8221;@ET-DC@eyJkeW5hbWljIjp0cnVlLCJjb250ZW50IjoicG9zdF9saW5rX3VybF9wYWdlIiwic2V0dGluZ3MiOnsicG9zdF9pZCI6Ijc2NiJ9fQ==@&#8221; button_alignment=&#8221;right&#8221; separator_gap=&#8221;7px&#8221; _builder_version=&#8221;4.21.0&#8243; _dynamic_attributes=&#8221;button_one_url&#8221; _module_preset=&#8221;default&#8221; custom_button_one=&#8221;on&#8221; button_one_text_size=&#8221;14px&#8221; button_one_border_width=&#8221;0px&#8221; button_one_border_color=&#8221;RGBA(255,255,255,0)&#8221; button_one_font=&#8221;Montserrat|600|||||||&#8221; button_one_icon=&#8221;&#xe046;||divi||400&#8243; custom_margin=&#8221;-10px||4px|-51px|false|false&#8221; custom_padding=&#8221;0px|0px|0px||false|false&#8221; global_colors_info=&#8221;{}&#8221;][\/dsm_button][dsm_button button_one_text=&#8221;TINGO LINGO (2018)&#8221; button_one_url=&#8221;@ET-DC@eyJkeW5hbWljIjp0cnVlLCJjb250ZW50IjoicG9zdF9saW5rX3VybF9wYWdlIiwic2V0dGluZ3MiOnsicG9zdF9pZCI6Ijc2OSJ9fQ==@&#8221; button_alignment=&#8221;right&#8221; separator_gap=&#8221;7px&#8221; _builder_version=&#8221;4.21.0&#8243; _dynamic_attributes=&#8221;button_one_url&#8221; _module_preset=&#8221;default&#8221; custom_button_one=&#8221;on&#8221; button_one_text_size=&#8221;14px&#8221; button_one_border_width=&#8221;0px&#8221; button_one_border_color=&#8221;RGBA(255,255,255,0)&#8221; button_one_font=&#8221;Montserrat|600|||||||&#8221; button_one_icon=&#8221;&#xe046;||divi||400&#8243; custom_margin=&#8221;-10px||4px|-51px|false|false&#8221; custom_padding=&#8221;0px|0px|0px||false|false&#8221; global_colors_info=&#8221;{}&#8221;][\/dsm_button][dsm_button button_one_text=&#8221;AUS\u00caNCIA (2015)&#8221; button_one_url=&#8221;@ET-DC@eyJkeW5hbWljIjp0cnVlLCJjb250ZW50IjoicG9zdF9saW5rX3VybF9wYWdlIiwic2V0dGluZ3MiOnsicG9zdF9pZCI6Ijc3MCJ9fQ==@&#8221; button_alignment=&#8221;right&#8221; separator_gap=&#8221;7px&#8221; _builder_version=&#8221;4.21.0&#8243; _dynamic_attributes=&#8221;button_one_url&#8221; _module_preset=&#8221;default&#8221; custom_button_one=&#8221;on&#8221; button_one_text_size=&#8221;14px&#8221; button_one_border_width=&#8221;0px&#8221; button_one_border_color=&#8221;RGBA(255,255,255,0)&#8221; button_one_font=&#8221;Montserrat|600|||||||&#8221; button_one_icon=&#8221;&#xe046;||divi||400&#8243; custom_margin=&#8221;-10px||4px|-51px|false|false&#8221; custom_padding=&#8221;0px|0px|0px||false|false&#8221; global_colors_info=&#8221;{}&#8221;][\/dsm_button][ba_advanced_divider active_element=&#8221;text&#8221; title=&#8221;EM BREVE&#8221; border_color=&#8221;#000000&#8243; text_background=&#8221;RGBA(255,255,255,0)&#8221; _builder_version=&#8221;4.27.4&#8243; _module_preset=&#8221;default&#8221; title_font_size=&#8221;19px&#8221; custom_margin=&#8221;||35px|||&#8221; hover_enabled=&#8221;0&#8243; global_colors_info=&#8221;{}&#8221; border_gap=&#8221;13px&#8221; border_type=&#8221;none&#8221; content_alignment=&#8221;right&#8221; sticky_enabled=&#8221;0&#8243; custom_padding=&#8221;|13px||||&#8221; title_font=&#8221;|800|||||||&#8221;][\/ba_advanced_divider][dsm_button button_one_text=&#8221;PARAR DE FUMAR&#8221; button_one_url=&#8221;@ET-DC@eyJkeW5hbWljIjp0cnVlLCJjb250ZW50IjoicG9zdF9saW5rX3VybF9wYWdlIiwic2V0dGluZ3MiOnsicG9zdF9pZCI6IjQwNjQifX0=@&#8221; button_alignment=&#8221;right&#8221; separator_gap=&#8221;7px&#8221; _builder_version=&#8221;4.27.4&#8243; _dynamic_attributes=&#8221;button_one_url&#8221; _module_preset=&#8221;default&#8221; custom_button_one=&#8221;on&#8221; button_one_text_size=&#8221;14px&#8221; button_one_border_width=&#8221;0px&#8221; button_one_border_color=&#8221;RGBA(255,255,255,0)&#8221; button_one_font=&#8221;Montserrat|600|||||||&#8221; button_one_icon=&#8221;&#xe046;||divi||400&#8243; custom_margin=&#8221;-22px||4px|-51px|false|false&#8221; custom_padding=&#8221;0px|0px|0px||false|false&#8221; global_colors_info=&#8221;{}&#8221;][\/dsm_button][dsm_button button_one_text=&#8221;VELHOTES&#8221; button_one_url=&#8221;@ET-DC@eyJkeW5hbWljIjp0cnVlLCJjb250ZW50IjoicG9zdF9saW5rX3VybF9wYWdlIiwic2V0dGluZ3MiOnsicG9zdF9pZCI6IjQwNjYifX0=@&#8221; button_alignment=&#8221;right&#8221; separator_gap=&#8221;7px&#8221; _builder_version=&#8221;4.27.4&#8243; _dynamic_attributes=&#8221;button_one_url&#8221; _module_preset=&#8221;default&#8221; custom_button_one=&#8221;on&#8221; button_one_text_size=&#8221;14px&#8221; button_one_border_width=&#8221;0px&#8221; button_one_border_color=&#8221;RGBA(255,255,255,0)&#8221; button_one_font=&#8221;Montserrat|600|||||||&#8221; button_one_icon=&#8221;&#xe046;||divi||400&#8243; custom_margin=&#8221;-15px||4px|-51px|false|false&#8221; custom_padding=&#8221;0px|0px|8px||false|false&#8221; global_colors_info=&#8221;{}&#8221;][\/dsm_button][dsm_button button_one_text=&#8221;M\u00c3E SANT\u00cdSSIMA&#8221; button_one_url=&#8221;@ET-DC@eyJkeW5hbWljIjp0cnVlLCJjb250ZW50IjoicG9zdF9saW5rX3VybF9wYWdlIiwic2V0dGluZ3MiOnsicG9zdF9pZCI6IjQwNjgifX0=@&#8221; button_alignment=&#8221;right&#8221; separator_gap=&#8221;7px&#8221; _builder_version=&#8221;4.27.4&#8243; _dynamic_attributes=&#8221;button_one_url&#8221; _module_preset=&#8221;default&#8221; custom_button_one=&#8221;on&#8221; button_one_text_size=&#8221;14px&#8221; button_one_border_width=&#8221;0px&#8221; button_one_border_color=&#8221;RGBA(255,255,255,0)&#8221; button_one_font=&#8221;Montserrat|600|||||||&#8221; button_one_icon=&#8221;&#xe046;||divi||400&#8243; custom_margin=&#8221;-22px||4px|-51px|false|false&#8221; custom_padding=&#8221;1px|0px|0px||false|false&#8221; global_colors_info=&#8221;{}&#8221;][\/dsm_button][et_pb_text _builder_version=&#8221;4.21.0&#8243; _module_preset=&#8221;default&#8221; text_font=&#8221;|800|||||||&#8221; text_text_color=&#8221;#000000&#8243; text_font_size=&#8221;19px&#8221; text_letter_spacing=&#8221;2px&#8221; text_orientation=&#8221;right&#8221; custom_margin=&#8221;10px||3px|||&#8221; custom_padding=&#8221;2px|13px|6px|||&#8221; border_width_right=&#8221;2px&#8221; global_colors_info=&#8221;{}&#8221;]<\/p>\n<p style=\"text-align: right;\">WEBS\u00c9RIES<\/p>\n<p>[\/et_pb_text][dsm_button button_one_text=&#8221;DALTON\/HEBE (2016)&#8221; button_one_url=&#8221;@ET-DC@eyJkeW5hbWljIjp0cnVlLCJjb250ZW50IjoicG9zdF9saW5rX3VybF9wYWdlIiwic2V0dGluZ3MiOnsicG9zdF9pZCI6Ijc4NSJ9fQ==@&#8221; button_alignment=&#8221;right&#8221; separator_gap=&#8221;7px&#8221; _builder_version=&#8221;4.21.0&#8243; _dynamic_attributes=&#8221;button_one_url&#8221; _module_preset=&#8221;default&#8221; custom_button_one=&#8221;on&#8221; button_one_text_size=&#8221;14px&#8221; button_one_border_width=&#8221;0px&#8221; button_one_border_color=&#8221;RGBA(255,255,255,0)&#8221; button_one_font=&#8221;Montserrat|600|||||||&#8221; button_one_icon=&#8221;&#xe046;||divi||400&#8243; custom_margin=&#8221;-1px||4px|-51px|false|false&#8221; custom_padding=&#8221;0px|0px|0px||false|false&#8221; global_colors_info=&#8221;{}&#8221;][\/dsm_button][et_pb_text _builder_version=&#8221;4.21.0&#8243; _module_preset=&#8221;default&#8221; text_font=&#8221;|800|||||||&#8221; text_text_color=&#8221;#000000&#8243; text_font_size=&#8221;19px&#8221; text_letter_spacing=&#8221;2px&#8221; text_orientation=&#8221;right&#8221; custom_margin=&#8221;11px||3px|||&#8221; custom_padding=&#8221;2px|13px|4px|||&#8221; border_width_right=&#8221;2px&#8221; global_colors_info=&#8221;{}&#8221;]<\/p>\n<p style=\"text-align: right;\">VIDEOCLIPES<\/p>\n<p>[\/et_pb_text][dsm_button button_one_text=&#8221;CANTO DO MAR (2021)&#8221; button_one_url=&#8221;@ET-DC@eyJkeW5hbWljIjp0cnVlLCJjb250ZW50IjoicG9zdF9saW5rX3VybF9wYWdlIiwic2V0dGluZ3MiOnsicG9zdF9pZCI6Ijc5MSJ9fQ==@&#8221; button_alignment=&#8221;right&#8221; separator_gap=&#8221;7px&#8221; _builder_version=&#8221;4.21.0&#8243; _dynamic_attributes=&#8221;button_one_url&#8221; _module_preset=&#8221;default&#8221; custom_button_one=&#8221;on&#8221; button_one_text_size=&#8221;14px&#8221; button_one_border_width=&#8221;0px&#8221; button_one_border_color=&#8221;RGBA(255,255,255,0)&#8221; button_one_font=&#8221;Montserrat|600|||||||&#8221; button_one_icon=&#8221;&#xe046;||divi||400&#8243; custom_margin=&#8221;0px||4px|-51px|false|false&#8221; custom_padding=&#8221;0px|0px|0px||false|false&#8221; global_colors_info=&#8221;{}&#8221;][\/dsm_button][dsm_button button_one_text=&#8221;AMANH\u00c3 VAI DAR (2020)&#8221; button_one_url=&#8221;@ET-DC@eyJkeW5hbWljIjp0cnVlLCJjb250ZW50IjoicG9zdF9saW5rX3VybF9wYWdlIiwic2V0dGluZ3MiOnsicG9zdF9pZCI6Ijc5NCJ9fQ==@&#8221; button_alignment=&#8221;right&#8221; separator_gap=&#8221;7px&#8221; _builder_version=&#8221;4.21.0&#8243; _dynamic_attributes=&#8221;button_one_url&#8221; _module_preset=&#8221;default&#8221; custom_button_one=&#8221;on&#8221; button_one_text_size=&#8221;14px&#8221; button_one_border_width=&#8221;0px&#8221; button_one_border_color=&#8221;RGBA(255,255,255,0)&#8221; button_one_font=&#8221;Montserrat|600|||||||&#8221; button_one_icon=&#8221;&#xe046;||divi||400&#8243; custom_margin=&#8221;-10px||4px|-51px|false|false&#8221; custom_padding=&#8221;0px|0px|0px||false|false&#8221; global_colors_info=&#8221;{}&#8221;][\/dsm_button][dsm_button button_one_text=&#8221;PORCELAIN (2017)&#8221; button_one_url=&#8221;@ET-DC@eyJkeW5hbWljIjp0cnVlLCJjb250ZW50IjoicG9zdF9saW5rX3VybF9wYWdlIiwic2V0dGluZ3MiOnsicG9zdF9pZCI6Ijc5NyJ9fQ==@&#8221; button_alignment=&#8221;right&#8221; separator_gap=&#8221;7px&#8221; _builder_version=&#8221;4.21.0&#8243; _dynamic_attributes=&#8221;button_one_url&#8221; _module_preset=&#8221;default&#8221; custom_button_one=&#8221;on&#8221; button_one_text_size=&#8221;14px&#8221; button_one_border_width=&#8221;0px&#8221; button_one_border_color=&#8221;RGBA(255,255,255,0)&#8221; button_one_font=&#8221;Montserrat|600|||||||&#8221; button_one_icon=&#8221;&#xe046;||divi||400&#8243; custom_margin=&#8221;-10px||4px|-51px|false|false&#8221; custom_padding=&#8221;0px|0px|0px||false|false&#8221; global_colors_info=&#8221;{}&#8221;][\/dsm_button][\/et_pb_column][et_pb_column type=&#8221;1_4&#8243; _builder_version=&#8221;4.16&#8243; custom_padding=&#8221;|||&#8221; global_colors_info=&#8221;{}&#8221; custom_padding__hover=&#8221;|||&#8221;][\/et_pb_column][\/et_pb_section]<\/p>\n","protected":false},"excerpt":{"rendered":"<p>FILMES<div class=\"et_pb_module dsm_button dsm_button_0 et_pb_bg_layout_light\">\n\t\t\t\t\n\t\t\t\t\n\t\t\t\t\n\t\t\t\t\n\t\t\t\t\n\t\t\t\t\n\t\t\t\t<div class=\"et_pb_module_inner\">\n\t\t\t\t\t<div class=\"et_pb_button_module_wrappers dsm_button_0_wrapper et_pb_button_alignment_right et_pb_module\">\n\t\t\t\t<a class=\"et_pb_button et_pb_button_one et_pb_custom_button_icon et_pb_bg_layout_light dsm-none \"  href=\"\" data-icon=\"&#xe046;\" data-dsm-lightbox-id=\"dsm_button_one_lightbox dsm_button_0\">KAIRA E O TEMPORAL (2025)<\/a>\n\t\t\t<\/div>\n\t\t\t\t<\/div>\n\t\t\t<\/div><div class=\"et_pb_module dsm_button dsm_button_1 et_pb_bg_layout_light\">\n\t\t\t\t\n\t\t\t\t\n\t\t\t\t\n\t\t\t\t\n\t\t\t\t\n\t\t\t\t\n\t\t\t\t<div class=\"et_pb_module_inner\">\n\t\t\t\t\t<div class=\"et_pb_button_module_wrappers dsm_button_1_wrapper et_pb_button_alignment_right et_pb_module\">\n\t\t\t\t<a class=\"et_pb_button et_pb_button_one et_pb_custom_button_icon et_pb_bg_layout_light dsm-none \"  href=\"\" data-icon=\"&#xe046;\" data-dsm-lightbox-id=\"dsm_button_one_lightbox dsm_button_1\">MEU AMIGO SATAN\u00c1S (2025)<\/a>\n\t\t\t<\/div>\n\t\t\t\t<\/div>\n\t\t\t<\/div><div class=\"et_pb_module dsm_button dsm_button_2 et_pb_bg_layout_light\">\n\t\t\t\t\n\t\t\t\t\n\t\t\t\t\n\t\t\t\t\n\t\t\t\t\n\t\t\t\t\n\t\t\t\t<div class=\"et_pb_module_inner\">\n\t\t\t\t\t<div class=\"et_pb_button_module_wrappers dsm_button_2_wrapper et_pb_button_alignment_&#8221;right&#8221; et_pb_module\">\n\t\t\t\t<a class=\"et_pb_button et_pb_button_one et_pb_bg_layout_light dsm-none \"  href=\"http:\/\/&#8221;&#8221;\" data-dsm-lightbox-id=\"dsm_button_one_lightbox dsm_button_2\">&#8221;ESCONDE-ESCONDE<\/a>\n\t\t\t<\/div>\n\t\t\t\t<\/div>\n\t\t\t<\/div><\/p>\n","protected":false},"author":1,"featured_media":0,"parent":0,"menu_order":0,"comment_status":"closed","ping_status":"closed","template":"","meta":{"_et_pb_use_builder":"on","_et_pb_old_content":"<!-- wp:paragraph -->\r\n<p>Esta \u00e9 uma p\u00e1gina de exemplo. \u00c9 diferente de um post no blog porque ela permanecer\u00e1 em um lugar e aparecer\u00e1 na navega\u00e7\u00e3o do seu site na maioria dos temas. Muitas pessoas come\u00e7am com uma p\u00e1gina que as apresenta a poss\u00edveis visitantes do site. Ela pode dizer algo assim:<\/p>\r\n<!-- \/wp:paragraph -->\r\n\r\n<!-- wp:quote -->\r\n<blockquote class=\"wp-block-quote\">\r\n<p>Ol\u00e1! Eu sou um mensageiro de bicicleta durante o dia, ator aspirante \u00e0 noite, e este \u00e9 o meu site. Eu moro em S\u00e3o Paulo, tenho um grande cachorro chamado Rex e gosto de tomar caipirinha (e banhos de chuva).<\/p>\r\n<\/blockquote>\r\n<!-- \/wp:quote -->\r\n\r\n<!-- wp:paragraph -->\r\n<p>...ou alguma coisa assim:<\/p>\r\n<!-- \/wp:paragraph -->\r\n\r\n<!-- wp:quote -->\r\n<blockquote class=\"wp-block-quote\">\r\n<p>A Companhia de Miniaturas XYZ foi fundada em 1971, e desde ent\u00e3o tem fornecido miniaturas de qualidade ao p\u00fablico. Localizada na cidade de Itu, a XYZ emprega mais de 2.000 pessoas e faz coisas grandiosas para a comunidade da cidade.<\/p>\r\n<\/blockquote>\r\n<!-- \/wp:quote -->\r\n\r\n<!-- wp:paragraph -->\r\n<p>Como um novo usu\u00e1rio do WordPress, voc\u00ea deveria ir ao <a href=\"https:\/\/casadapraiafilmes.com.br\/wp-admin\/\">painel<\/a> para excluir essa p\u00e1gina e criar novas p\u00e1ginas para o seu conte\u00fado. Divirta-se!<\/p>\r\n<!-- \/wp:paragraph -->","_et_gb_content_width":"","inline_featured_image":false,"footnotes":""},"class_list":["post-619","page","type-page","status-publish","hentry"],"_links":{"self":[{"href":"https:\/\/casadapraiafilmes.com.br\/index.php?rest_route=\/wp\/v2\/pages\/619","targetHints":{"allow":["GET"]}}],"collection":[{"href":"https:\/\/casadapraiafilmes.com.br\/index.php?rest_route=\/wp\/v2\/pages"}],"about":[{"href":"https:\/\/casadapraiafilmes.com.br\/index.php?rest_route=\/wp\/v2\/types\/page"}],"author":[{"embeddable":true,"href":"https:\/\/casadapraiafilmes.com.br\/index.php?rest_route=\/wp\/v2\/users\/1"}],"replies":[{"embeddable":true,"href":"https:\/\/casadapraiafilmes.com.br\/index.php?rest_route=%2Fwp%2Fv2%2Fcomments&post=619"}],"version-history":[{"count":8,"href":"https:\/\/casadapraiafilmes.com.br\/index.php?rest_route=\/wp\/v2\/pages\/619\/revisions"}],"predecessor-version":[{"id":4180,"href":"https:\/\/casadapraiafilmes.com.br\/index.php?rest_route=\/wp\/v2\/pages\/619\/revisions\/4180"}],"wp:attachment":[{"href":"https:\/\/casadapraiafilmes.com.br\/index.php?rest_route=%2Fwp%2Fv2%2Fmedia&parent=619"}],"curies":[{"name":"wp","href":"https:\/\/api.w.org\/{rel}","templated":true}]}}