{"id":665,"date":"2023-07-21T13:01:55","date_gmt":"2023-07-21T16:01:55","guid":{"rendered":"https:\/\/casadapraiafilmes.com.br\/?page_id=665"},"modified":"2025-12-02T14:51:24","modified_gmt":"2025-12-02T17:51:24","slug":"lab","status":"publish","type":"page","link":"https:\/\/casadapraiafilmes.com.br\/?page_id=665","title":{"rendered":"LAB"},"content":{"rendered":"<p>[et_pb_section fb_built=&#8221;1&#8243; _builder_version=&#8221;4.21.0&#8243; _module_preset=&#8221;default&#8221; custom_padding=&#8221;0px|||||&#8221; global_colors_info=&#8221;{}&#8221;][et_pb_row _builder_version=&#8221;4.21.0&#8243; _module_preset=&#8221;default&#8221; custom_padding=&#8221;2px||5px|||&#8221; global_colors_info=&#8221;{}&#8221;][et_pb_column type=&#8221;4_4&#8243; _builder_version=&#8221;4.21.0&#8243; _module_preset=&#8221;default&#8221; global_colors_info=&#8221;{}&#8221;][et_pb_slider _builder_version=&#8221;4.24.2&#8243; _module_preset=&#8221;default&#8221; custom_padding=&#8221;||415px|||&#8221; auto=&#8221;on&#8221; auto_speed=&#8221;3000&#8243; global_colors_info=&#8221;{}&#8221;][et_pb_slide _builder_version=&#8221;4.24.2&#8243; _module_preset=&#8221;default&#8221; background_image=&#8221;https:\/\/casadapraiafilmes.com.br\/wp-content\/uploads\/2024\/06\/1.jpg&#8221; background_enable_image=&#8221;on&#8221; global_colors_info=&#8221;{}&#8221; sticky_transition=&#8221;on&#8221;][\/et_pb_slide][et_pb_slide _builder_version=&#8221;4.24.2&#8243; _module_preset=&#8221;default&#8221; background_image=&#8221;https:\/\/casadapraiafilmes.com.br\/wp-content\/uploads\/2024\/06\/2.jpg&#8221; background_enable_image=&#8221;on&#8221; global_colors_info=&#8221;{}&#8221; sticky_transition=&#8221;on&#8221;][\/et_pb_slide][et_pb_slide _builder_version=&#8221;4.24.2&#8243; _module_preset=&#8221;default&#8221; background_image=&#8221;https:\/\/casadapraiafilmes.com.br\/wp-content\/uploads\/2024\/06\/3.jpg&#8221; background_enable_image=&#8221;on&#8221; global_colors_info=&#8221;{}&#8221; sticky_transition=&#8221;on&#8221;][\/et_pb_slide][et_pb_slide _builder_version=&#8221;4.24.2&#8243; _module_preset=&#8221;default&#8221; background_image=&#8221;https:\/\/casadapraiafilmes.com.br\/wp-content\/uploads\/2024\/06\/4.jpg&#8221; background_enable_image=&#8221;on&#8221; global_colors_info=&#8221;{}&#8221; sticky_transition=&#8221;on&#8221;][\/et_pb_slide][et_pb_slide _builder_version=&#8221;4.24.2&#8243; _module_preset=&#8221;default&#8221; background_image=&#8221;https:\/\/casadapraiafilmes.com.br\/wp-content\/uploads\/2024\/06\/5.jpg&#8221; background_enable_image=&#8221;on&#8221; global_colors_info=&#8221;{}&#8221; sticky_transition=&#8221;on&#8221;][\/et_pb_slide][et_pb_slide _builder_version=&#8221;4.24.2&#8243; _module_preset=&#8221;default&#8221; background_image=&#8221;https:\/\/casadapraiafilmes.com.br\/wp-content\/uploads\/2024\/06\/6.jpg&#8221; background_enable_image=&#8221;on&#8221; global_colors_info=&#8221;{}&#8221; sticky_transition=&#8221;on&#8221;][\/et_pb_slide][et_pb_slide _builder_version=&#8221;4.24.2&#8243; _module_preset=&#8221;default&#8221; background_image=&#8221;https:\/\/casadapraiafilmes.com.br\/wp-content\/uploads\/2024\/06\/7.jpg&#8221; background_enable_image=&#8221;on&#8221; global_colors_info=&#8221;{}&#8221; sticky_transition=&#8221;on&#8221;][\/et_pb_slide][\/et_pb_slider][et_pb_text _builder_version=&#8221;4.27.4&#8243; _module_preset=&#8221;default&#8221; text_font=&#8221;Montserrat||||||||&#8221; text_text_color=&#8221;#000000&#8243; custom_margin=&#8221;||10px|||&#8221; hover_enabled=&#8221;0&#8243; global_colors_info=&#8221;{}&#8221; sticky_enabled=&#8221;0&#8243;]O laborat\u00f3rio Casa da Praia Lab \u00e9 uma atua\u00e7\u00e3o paralela da Casa da Praia Filmes que visa desenvolver filmes brasileiros potiguares e nordestinos. Suas edi\u00e7\u00f5es oferecem tutorias especializadas de roteiro e de projeto, impulsionando obras em diferentes est\u00e1gios de cria\u00e7\u00e3o. Ap\u00f3s o lab, diversos projetos tiveram seu financiamento aprovado em editais de desenvolvimento (*) ou produ\u00e7\u00e3o (**), alguns j\u00e1 tendo sido filmados e lan\u00e7ados![\/et_pb_text][\/et_pb_column][\/et_pb_row][et_pb_row column_structure=&#8221;1_2,1_2&#8243; _builder_version=&#8221;4.21.0&#8243; _module_preset=&#8221;default&#8221; custom_margin=&#8221;|auto|-15px|auto||&#8221; custom_padding=&#8221;19px|||||&#8221; global_colors_info=&#8221;{}&#8221;][et_pb_column type=&#8221;1_2&#8243; _builder_version=&#8221;4.21.0&#8243; _module_preset=&#8221;default&#8221; global_colors_info=&#8221;{}&#8221;][et_pb_text _builder_version=&#8221;4.27.4&#8243; _module_preset=&#8221;default&#8221; text_font=&#8221;Montserrat||||||||&#8221; text_text_color=&#8221;#000000&#8243; text_font_size=&#8221;13px&#8221; text_line_height=&#8221;1.6em&#8221; text_orientation=&#8221;justified&#8221; hover_enabled=&#8221;0&#8243; global_colors_info=&#8221;{}&#8221; sticky_enabled=&#8221;0&#8243;]<\/p>\n<p><span style=\"font-size: large;\"><strong>01\u00ba Casa da Praia Lab: &#8220;Sala de Roteiristas&#8221; (2022)<br \/><\/strong><\/span>Voltado para projetos de curtas-metragens de jovens roteiristas da Regi\u00e3o Metropolitana de Natal, a edi\u00e7\u00e3o teve um car\u00e1ter formativo onde durante seis meses os selecionados passaram por oficina de roteiro, pesquisa para um document\u00e1rio coletivo e pr\u00e1tico onde assinaram a escrita, desenvolvimento e consultoria de seus projetos individuais e exibi\u00e7\u00e3o do document\u00e1rio finalizado.<\/p>\n<p><strong>Tutores:<\/strong><br \/>Andr\u00e9 Santos<br \/>Pedro Fiuza<br \/>Mariana Hardi<br \/>Tereza Duarte<br \/>Larissa Sales<\/p>\n<p><strong>Projetos e participantes selecionados:<\/strong><br \/>\u201cHisterias da Meia-Noite\u201d, de Ana Caroline (RN)<br \/>\u201cTr\u00e2nsfuga\u201d, de Ana Mendes (RN)**<br \/>\u201cClarisse\u201d, de Bruna Morais (RN)<br \/>\u201cLeandra\u201d, de Dennis Xax\u00e1 (RN)<br \/>\u201cDas Ruas Para o Mundo\u201d, de Diogo Silva (RN)<br \/>\u201cFelis\u201d, de Jane Gomes (RN)**<br \/>\u201cEu Que (Re)Lute\u201d, de Kirllyan Klennyo (RN)<br \/>\u201cP\u00e9talas Brancas Manchadas de Carmesin\u201d, de Laura Beatriz (RN)<br \/>\u201cTaxa de Entrega\u201d, de Luan Dionisio (RN)<br \/>\u201cPraia das Artistas\u201d, de Maria Ant\u00f4nia Queiroz (RN)**<br \/>\u201cA Ceia de Jussara\u201d, de Mateus Freitas (RN)<br \/>\u201cIy\u00e1 Mi \u2013 A M\u00e3o Que Sempre Cuidou de Mim\u201d, de Leticya Miranda (RN)<br \/>\u201cPara N\u00e3o Dizer Que N\u00e3o Falei das Cores\u201d, de MJ (RN)<br \/>\u201cNovo Horizonte\u201d, de Rodolfo Holanda (RN)**<br \/>\u201cO Coletor de Sonhos\u201d, de Danilo Sid (RN)<br \/>\u201cInevit\u00e1vel\u201d, de Ver\u00f4nica Pascoal (RN)<br \/>\u201cO \u00daltimo Anjo da Noite\u201d, de Ander Be\u00e7a (PE)*<br \/>\u201cO Canto S\u00fabito dos P\u00e1ssaros\u201d, de Anthony Rodrigues (RN)<br \/>\u201cA Guerra dos B\u00e1rbaros\u201d, de Antonio Gil Leal (RN)<br \/>\u201cEstou Aqui A Te Esperar\u201d, de Euler Lopes (SE)*<br \/>\u201cFeeria\u201d, de Fernanda Cunha (RN)<br \/>\u201cTerra de Ningu\u00e9m\u201d, de Fernanda Raquel (RN)<br \/>\u201cVida Maria\u201d, de Filipe Carvalho (PE)<br \/>\u201cPara a Terra Voltaremos\u201d, de Fl\u00e1via Almeida (CE)*<br \/>\u201cA Quem Assombram os Mortos\u201d, de Melina Oliveira (RN)<br \/>\u201cA \u00daltima Rainha da Noite\u201d, de Ot\u00e1vio de Oliveira (CE)<br \/>\u201cNavio do Sert\u00e3o\u201d, de Patricia dos Santos Pinheiro e Aline Paix\u00e3o (PB)**<br \/>\u201cAs Aventuras do Mangue Boy\u201d, de S\u00e1vyo Fernandes (RN)<br \/>\u201cLampi\u00e3o no Sert\u00e3o de Marte\u201d, de Silas Camilo (RN)<br \/>\u201cThanatos\u201d, de Vilma Carla Martins (BA)*<br \/>\u201cAbayomi e a Cidade Encantada\u201d, de Xulia Doxagui (PE)<\/p>\n<p>[\/et_pb_text][\/et_pb_column][et_pb_column type=&#8221;1_2&#8243; _builder_version=&#8221;4.21.0&#8243; _module_preset=&#8221;default&#8221; global_colors_info=&#8221;{}&#8221;][et_pb_text _builder_version=&#8221;4.21.0&#8243; _module_preset=&#8221;default&#8221; text_font=&#8221;Montserrat||||||||&#8221; text_text_color=&#8221;#000000&#8243; text_font_size=&#8221;13px&#8221; text_line_height=&#8221;1.6em&#8221; text_orientation=&#8221;justified&#8221; global_colors_info=&#8221;{}&#8221;]<\/p>\n<p><span style=\"font-size: large;\"><strong>02\u00ba Casa da Praia Lab: &#8220;Outros Nordestes&#8221; (2023)<br \/><\/strong><\/span>Voltado para projetos de longas-metragens de roteiristas de todo o Nordeste, a edi\u00e7\u00e3o aconteceu contou com tutorias, masterclass, mesas de debate, exibi\u00e7\u00e3o de filmes e pitching.<\/p>\n<p><strong>Tutores:<\/strong><br \/>Andr\u00e9 Santos<br \/>Ana Carolina Marinho<br \/>Edu Araujo<\/p>\n<p><strong>Projetos e participantes selecionados:<\/strong><br \/>&#8220;O \u00daltimo Anjo da Noite&#8221;, de Ander Be\u00e7a (PE)<br \/>&#8220;O Canto S\u00fabito dos P\u00e1ssaros&#8221;, de Anthony Rodrigues (RN)<br \/>&#8220;A Guerra dos B\u00e1rbaros&#8221;, de Antonio Gil Leal (RN)<br \/>&#8220;Estou Aqui A Te Esperar&#8221;, de Euler Lopes (SE)<br \/>&#8220;Feeria&#8221;, de Fernanda Cunha (RN)<br \/>&#8220;Terra de Ningu\u00e9m&#8221;, de Fernanda Raquel (RN)<br \/>&#8220;Vida Maria&#8221;, de Filipe Carvalho (PE)<br \/>&#8220;Para a Terra Voltaremos&#8221;, de Fl\u00e1via Almeida (CE)<br \/>&#8220;A Quem Assombram os Mortos&#8221;, de Melina Oliveira (RN)<br \/>&#8220;A \u00daltima Rainha da Noite&#8221;, de Ot\u00e1vio de Oliveira (CE)<br \/>&#8220;Navio do Sert\u00e3o&#8221;, de Patricia dos Santos Pinheiro e Aline Paix\u00e3o (PB)<br \/>&#8220;As Aventuras do Mangue Boy&#8221;, de S\u00e1vyo Fernandes (RN)<br \/>&#8220;Lampi\u00e3o no Sert\u00e3o de Marte&#8221;, de Silas Camilo (RN)<br \/>&#8220;Thanatos&#8221;, de Vilma Carla Martins (BA)<br \/>&#8220;Abayomi e a Cidade Encantada&#8221;, de Xulia Doxagui (PE)<\/p>\n<p>[\/et_pb_text][\/et_pb_column][\/et_pb_row][et_pb_row column_structure=&#8221;1_2,1_2&#8243; _builder_version=&#8221;4.21.0&#8243; _module_preset=&#8221;default&#8221; custom_padding=&#8221;19px|||||&#8221; global_colors_info=&#8221;{}&#8221;][et_pb_column type=&#8221;1_2&#8243; _builder_version=&#8221;4.21.0&#8243; _module_preset=&#8221;default&#8221; global_colors_info=&#8221;{}&#8221;][et_pb_video src=&#8221;https:\/\/www.youtube.com\/watch?v=HpTUA2PSG14&#038;t=4s&#8221; _builder_version=&#8221;4.21.0&#8243; _module_preset=&#8221;default&#8221; global_colors_info=&#8221;{}&#8221;][\/et_pb_video][\/et_pb_column][et_pb_column type=&#8221;1_2&#8243; _builder_version=&#8221;4.21.0&#8243; _module_preset=&#8221;default&#8221; global_colors_info=&#8221;{}&#8221;][et_pb_video src=&#8221;https:\/\/www.youtube.com\/watch?v=xt0olWcUa4A&#8221; _builder_version=&#8221;4.23&#8243; _module_preset=&#8221;default&#8221; global_colors_info=&#8221;{}&#8221;][\/et_pb_video][\/et_pb_column][\/et_pb_row][et_pb_row column_structure=&#8221;1_2,1_2&#8243; _builder_version=&#8221;4.21.0&#8243; _module_preset=&#8221;default&#8221; global_colors_info=&#8221;{}&#8221;][et_pb_column type=&#8221;1_2&#8243; _builder_version=&#8221;4.21.0&#8243; _module_preset=&#8221;default&#8221; global_colors_info=&#8221;{}&#8221;][et_pb_text _builder_version=&#8221;4.27.4&#8243; _module_preset=&#8221;default&#8221; text_font=&#8221;Montserrat||||||||&#8221; text_text_color=&#8221;#000000&#8243; text_font_size=&#8221;13px&#8221; text_line_height=&#8221;1.6em&#8221; text_orientation=&#8221;justified&#8221; global_colors_info=&#8221;{}&#8221;]<\/p>\n<p><span style=\"font-size: large;\"><strong>03\u00ba Casa da Praia Lab: (2025)<br \/><\/strong><\/span>Voltado para realizadores do Rio Grande do Norte, a edi\u00e7\u00e3o aconteceu de forma online e com dois eixos: oficinas e consultorias.<\/p>\n<p><strong>Oficinas:<\/strong><br \/><strong>Roteiro e Dire\u00e7\u00e3o<\/strong> \u2013 com Pedro Fiuza<br \/><strong>Produ\u00e7\u00e3o<\/strong> \u2013 com Mariana Hardi e Larissa Sales<br \/><strong>Comunica\u00e7\u00e3o<\/strong> \u2013 com Gal Florentino e V\u00edtor Bezerra<br \/><strong>Distribui\u00e7\u00e3o em Festivais<\/strong> \u2013 com Rud\u00e1 Almeida e Pedro Fiuza<\/p>\n<p><strong>Projetos selecionados para Consultorias:<\/strong><br \/>\u201cMergulho\u201d, de Luiz Henrique Gomes<br \/>\u201cO Sert\u00e3o Em Chamas\u2019, de Raimundo Arrais<br \/>\u201cCoisa de Uma Noite\u201d, de Felipe Santelli<br \/>\u201cSegunda-Feira J\u00e1 \u00c9 Ano Novo\u201d, de Gabriel Soares<br \/>\u201cEsta\u00e7\u00e3o Caatinga\u201d, de Helena Antunes<br \/>\u201cCandy\u201d, de Marina Vi\u00e9gas<br \/>\u201cPatyguares \/ Paty Poty\u201d, de Eduarda Soares<br \/>\u201cPrece Derradeira\u201d, de Romero Oliveira<\/p>\n<p>[\/et_pb_text][et_pb_image src=&#8221;https:\/\/casadapraiafilmes.com.br\/wp-content\/uploads\/2025\/11\/FOTOS.jpg&#8221; title_text=&#8221;FOTOS&#8221; _builder_version=&#8221;4.27.4&#8243; _module_preset=&#8221;default&#8221; global_colors_info=&#8221;{}&#8221;][\/et_pb_image][\/et_pb_column][et_pb_column type=&#8221;1_2&#8243; _builder_version=&#8221;4.21.0&#8243; _module_preset=&#8221;default&#8221; global_colors_info=&#8221;{}&#8221;][et_pb_text _builder_version=&#8221;4.27.4&#8243; _module_preset=&#8221;default&#8221; text_font=&#8221;Montserrat||||||||&#8221; text_text_color=&#8221;#000000&#8243; text_font_size=&#8221;13px&#8221; text_line_height=&#8221;1.6em&#8221; text_orientation=&#8221;justified&#8221; global_colors_info=&#8221;{}&#8221;]<\/p>\n<p><span style=\"font-size: large;\"><strong>04\u00ba Casa da Praia Lab: EM BREVE<br \/><\/strong><\/span><\/p>\n<p>[\/et_pb_text][\/et_pb_column][\/et_pb_row][et_pb_row column_structure=&#8221;1_5,1_5,1_5,1_5,1_5&#8243; _builder_version=&#8221;4.21.0&#8243; _module_preset=&#8221;default&#8221; global_colors_info=&#8221;{}&#8221;][et_pb_column type=&#8221;1_5&#8243; _builder_version=&#8221;4.21.0&#8243; _module_preset=&#8221;default&#8221; global_colors_info=&#8221;{}&#8221;][\/et_pb_column][et_pb_column type=&#8221;1_5&#8243; _builder_version=&#8221;4.21.0&#8243; _module_preset=&#8221;default&#8221; global_colors_info=&#8221;{}&#8221;][\/et_pb_column][et_pb_column type=&#8221;1_5&#8243; _builder_version=&#8221;4.21.0&#8243; _module_preset=&#8221;default&#8221; global_colors_info=&#8221;{}&#8221;][et_pb_social_media_follow _builder_version=&#8221;4.21.0&#8243; _module_preset=&#8221;default&#8221; text_orientation=&#8221;center&#8221; global_colors_info=&#8221;{}&#8221;][et_pb_social_media_follow_network social_network=&#8221;instagram&#8221; url=&#8221;https:\/\/www.instagram.com\/casadapraialab&#8221; _builder_version=&#8221;4.21.0&#8243; _module_preset=&#8221;default&#8221; background_color=&#8221;#ea2c59&#8243; global_colors_info=&#8221;{}&#8221; follow_button=&#8221;off&#8221; url_new_window=&#8221;on&#8221;]instagram[\/et_pb_social_media_follow_network][\/et_pb_social_media_follow][\/et_pb_column][et_pb_column type=&#8221;1_5&#8243; _builder_version=&#8221;4.21.0&#8243; _module_preset=&#8221;default&#8221; global_colors_info=&#8221;{}&#8221;][\/et_pb_column][et_pb_column type=&#8221;1_5&#8243; _builder_version=&#8221;4.21.0&#8243; _module_preset=&#8221;default&#8221; global_colors_info=&#8221;{}&#8221;][\/et_pb_column][\/et_pb_row][\/et_pb_section]<\/p>\n","protected":false},"excerpt":{"rendered":"<p>O laborat\u00f3rio Casa da Praia Lab \u00e9 uma atua\u00e7\u00e3o paralela da Casa da Praia Filmes que visa desenvolver filmes brasileiros potiguares e nordestinos. Suas edi\u00e7\u00f5es oferecem tutorias especializadas de roteiro e de projeto, impulsionando obras em diferentes est\u00e1gios de cria\u00e7\u00e3o. Ap\u00f3s o lab, diversos projetos tiveram seu financiamento aprovado em editais de desenvolvimento (*) ou [&hellip;]<\/p>\n","protected":false},"author":1,"featured_media":0,"parent":0,"menu_order":0,"comment_status":"closed","ping_status":"closed","template":"","meta":{"_et_pb_use_builder":"on","_et_pb_old_content":"<!-- wp:paragraph -->\r\n<p>Esta \u00e9 uma p\u00e1gina de exemplo. \u00c9 diferente de um post no blog porque ela permanecer\u00e1 em um lugar e aparecer\u00e1 na navega\u00e7\u00e3o do seu site na maioria dos temas. Muitas pessoas come\u00e7am com uma p\u00e1gina que as apresenta a poss\u00edveis visitantes do site. Ela pode dizer algo assim:<\/p>\r\n<!-- \/wp:paragraph -->\r\n\r\n<!-- wp:quote -->\r\n<blockquote class=\"wp-block-quote\">\r\n<p>Ol\u00e1! Eu sou um mensageiro de bicicleta durante o dia, ator aspirante \u00e0 noite, e este \u00e9 o meu site. Eu moro em S\u00e3o Paulo, tenho um grande cachorro chamado Rex e gosto de tomar caipirinha (e banhos de chuva).<\/p>\r\n<\/blockquote>\r\n<!-- \/wp:quote -->\r\n\r\n<!-- wp:paragraph -->\r\n<p>...ou alguma coisa assim:<\/p>\r\n<!-- \/wp:paragraph -->\r\n\r\n<!-- wp:quote -->\r\n<blockquote class=\"wp-block-quote\">\r\n<p>A Companhia de Miniaturas XYZ foi fundada em 1971, e desde ent\u00e3o tem fornecido miniaturas de qualidade ao p\u00fablico. Localizada na cidade de Itu, a XYZ emprega mais de 2.000 pessoas e faz coisas grandiosas para a comunidade da cidade.<\/p>\r\n<\/blockquote>\r\n<!-- \/wp:quote -->\r\n\r\n<!-- wp:paragraph -->\r\n<p>Como um novo usu\u00e1rio do WordPress, voc\u00ea deveria ir ao <a href=\"https:\/\/casadapraiafilmes.com.br\/wp-admin\/\">painel<\/a> para excluir essa p\u00e1gina e criar novas p\u00e1ginas para o seu conte\u00fado. Divirta-se!<\/p>\r\n<!-- \/wp:paragraph -->","_et_gb_content_width":"","inline_featured_image":false,"footnotes":""},"class_list":["post-665","page","type-page","status-publish","hentry"],"_links":{"self":[{"href":"https:\/\/casadapraiafilmes.com.br\/index.php?rest_route=\/wp\/v2\/pages\/665","targetHints":{"allow":["GET"]}}],"collection":[{"href":"https:\/\/casadapraiafilmes.com.br\/index.php?rest_route=\/wp\/v2\/pages"}],"about":[{"href":"https:\/\/casadapraiafilmes.com.br\/index.php?rest_route=\/wp\/v2\/types\/page"}],"author":[{"embeddable":true,"href":"https:\/\/casadapraiafilmes.com.br\/index.php?rest_route=\/wp\/v2\/users\/1"}],"replies":[{"embeddable":true,"href":"https:\/\/casadapraiafilmes.com.br\/index.php?rest_route=%2Fwp%2Fv2%2Fcomments&post=665"}],"version-history":[{"count":2,"href":"https:\/\/casadapraiafilmes.com.br\/index.php?rest_route=\/wp\/v2\/pages\/665\/revisions"}],"predecessor-version":[{"id":4178,"href":"https:\/\/casadapraiafilmes.com.br\/index.php?rest_route=\/wp\/v2\/pages\/665\/revisions\/4178"}],"wp:attachment":[{"href":"https:\/\/casadapraiafilmes.com.br\/index.php?rest_route=%2Fwp%2Fv2%2Fmedia&parent=665"}],"curies":[{"name":"wp","href":"https:\/\/api.w.org\/{rel}","templated":true}]}}