{"id":758,"date":"2023-08-02T11:33:38","date_gmt":"2023-08-02T14:33:38","guid":{"rendered":"https:\/\/casadapraiafilmes.com.br\/?page_id=758"},"modified":"2025-12-02T14:37:29","modified_gmt":"2025-12-02T17:37:29","slug":"automata","status":"publish","type":"page","link":"https:\/\/casadapraiafilmes.com.br\/?page_id=758","title":{"rendered":"AUT\u00d4MATA"},"content":{"rendered":"<p>[et_pb_section fb_built=&#8221;1&#8243; specialty=&#8221;on&#8221; _builder_version=&#8221;4.21.0&#8243; _module_preset=&#8221;default&#8221; background_color=&#8221;#FFFFFF&#8221; custom_padding=&#8221;9px|||||&#8221; global_colors_info=&#8221;{}&#8221;][et_pb_column type=&#8221;1_2&#8243; _builder_version=&#8221;4.16&#8243; custom_padding=&#8221;|||&#8221; global_colors_info=&#8221;{}&#8221; custom_padding__hover=&#8221;|||&#8221;][dsm_perspective_image src=&#8221;https:\/\/casadapraiafilmes.com.br\/wp-content\/uploads\/2023\/08\/automata.jpg&#8221; title_text=&#8221;automata&#8221; show_in_lightbox=&#8221;on&#8221; _builder_version=&#8221;4.21.0&#8243; _module_preset=&#8221;default&#8221; global_colors_info=&#8221;{}&#8221;][\/dsm_perspective_image][\/et_pb_column][et_pb_column type=&#8221;1_2&#8243; specialty_columns=&#8221;2&#8243; _builder_version=&#8221;4.16&#8243; custom_padding=&#8221;|||&#8221; global_colors_info=&#8221;{}&#8221; custom_padding__hover=&#8221;|||&#8221;][et_pb_row_inner column_structure=&#8221;1_2,1_2&#8243; _builder_version=&#8221;4.21.0&#8243; _module_preset=&#8221;default&#8221; custom_padding=&#8221;||9px|||&#8221; global_colors_info=&#8221;{}&#8221;][et_pb_column_inner type=&#8221;1_2&#8243; saved_specialty_column_type=&#8221;1_2&#8243; _builder_version=&#8221;4.21.0&#8243; _module_preset=&#8221;default&#8221; global_colors_info=&#8221;{}&#8221;][et_pb_text _builder_version=&#8221;4.23.1&#8243; _module_preset=&#8221;default&#8221; text_text_color=&#8221;#000000&#8243; text_line_height=&#8221;1.5em&#8221; min_height=&#8221;197.5px&#8221; custom_margin=&#8221;||3px|||&#8221; custom_padding=&#8221;||0px|||&#8221; inline_fonts=&#8221;Montserrat&#8221; global_colors_info=&#8221;{}&#8221;]<\/p>\n<p><span style=\"font-family: Montserrat; font-size: medium;\"><b>AUT\u00d4MATA<br \/><\/b><\/span><span style=\"font-family: Montserrat; font-weight: normal; font-size: small;\">2020, 6min, Experimental (videodan\u00e7a \/ videoarte), Brasil\u00a0<\/span><\/p>\n<p><span style=\"font-family: Montserrat; font-weight: normal; font-size: small;\"><br \/><strong>Classifica\u00e7\u00e3o indicativa:<\/strong> Livre<\/span><br \/><strong><br \/><span style=\"font-family: Montserrat; font-size: medium;\">DIRE\u00c7\u00c3O<\/span><\/strong><br \/><span style=\"font-family: Montserrat; font-weight: normal;\">Pedro Fiuza<\/span><span style=\"font-size: small; color: #333333; font-family: Montserrat; font-weight: normal;\"><\/span><span style=\"font-family: Montserrat; font-weight: normal;\"><\/span><\/p>\n<p>[\/et_pb_text][et_pb_toggle title=&#8221;ELENCO &#8221; open_toggle_text_color=&#8221;#000000&#8243; open_toggle_background_color=&#8221;RGBA(255,255,255,0)&#8221; closed_toggle_background_color=&#8221;RGBA(255,255,255,0)&#8221; icon_color=&#8221;#000000&#8243; toggle_icon=&#8221;&#x22;||divi||400&#8243; open_icon_color=&#8221;#000000&#8243; _builder_version=&#8221;4.23.1&#8243; _module_preset=&#8221;default&#8221; title_text_color=&#8221;#000000&#8243; title_level=&#8221;h6&#8243; title_font=&#8221;Montserrat|800|||||||&#8221; title_text_align=&#8221;left&#8221; title_font_size=&#8221;15px&#8221; closed_title_font=&#8221;Montserrat||||||||&#8221; closed_title_line_height=&#8221;1.5em&#8221; body_font=&#8221;Montserrat||||||||&#8221; body_text_color=&#8221;#000000&#8243; body_font_size=&#8221;12px&#8221; body_line_height=&#8221;1.4em&#8221; module_alignment=&#8221;left&#8221; custom_margin=&#8221;||-8px|-17px|false|false&#8221; custom_padding=&#8221;9px||7px|||&#8221; border_style_all=&#8221;none&#8221; global_colors_info=&#8221;{}&#8221;]<\/p>\n<p>Ana Cl\u00e1udia Viana<\/p>\n<p>[\/et_pb_toggle][et_pb_toggle title=&#8221;SINOPSE&#8221; open_toggle_text_color=&#8221;#000000&#8243; closed_toggle_background_color=&#8221;#FFFFFF&#8221; icon_color=&#8221;#000000&#8243; toggle_icon=&#8221;&#x22;||divi||400&#8243; open_icon_color=&#8221;#000000&#8243; _builder_version=&#8221;4.24.2&#8243; _module_preset=&#8221;default&#8221; title_text_color=&#8221;#000000&#8243; title_level=&#8221;h6&#8243; title_font=&#8221;|800|||||||&#8221; title_text_align=&#8221;left&#8221; title_font_size=&#8221;16px&#8221; title_line_height=&#8221;1.2em&#8221; body_font=&#8221;Montserrat||||||||&#8221; body_text_color=&#8221;#000000&#8243; body_line_height=&#8221;1.5em&#8221; custom_margin=&#8221;||-1px|-17px|false|false&#8221; custom_padding=&#8221;||7px|||&#8221; border_style_all=&#8221;none&#8221; inline_fonts=&#8221;Montserrat&#8221; global_colors_info=&#8221;{}&#8221;]A resposta r\u00e1pida de um corpo em isolamento social. A bailarina dan\u00e7a sozinha na sala do seu apartamento e expressa seus sentimentos diante de uma quarentena. Uma coreografia solo dos desejos autom\u00e1ticos de um corpo que precisa se movimentar.[\/et_pb_toggle][et_pb_toggle title=&#8221;FICHA T\u00c9CNICA&#8221; open_toggle_text_color=&#8221;#000000&#8243; closed_toggle_background_color=&#8221;#FFFFFF&#8221; icon_color=&#8221;#000000&#8243; toggle_icon=&#8221;&#x22;||divi||400&#8243; open_icon_color=&#8221;#000000&#8243; _builder_version=&#8221;4.23.1&#8243; _module_preset=&#8221;default&#8221; title_text_color=&#8221;#000000&#8243; title_level=&#8221;h6&#8243; title_font=&#8221;Montserrat|800|||||||&#8221; title_text_align=&#8221;left&#8221; title_font_size=&#8221;16px&#8221; body_font=&#8221;Montserrat||||||||&#8221; body_line_height=&#8221;1.5em&#8221; custom_margin=&#8221;-10px|||-16px|false|false&#8221; border_style_all=&#8221;none&#8221; inline_fonts=&#8221;Montserrat&#8221; global_colors_info=&#8221;{}&#8221;]<\/p>\n<p><span style=\"color: #000000;\"><strong>Empresa Produtora:<\/strong> Casa da Praia Filmes<\/span><\/p>\n<p><span style=\"color: #000000;\"><strong>Ideia Original e Dire\u00e7\u00e3o:<\/strong> Pedro Fiuza<\/span><br \/><span style=\"color: #000000;\"><strong><\/strong><\/span><\/p>\n<p><span style=\"color: #000000;\"><strong>Produzido por:<\/strong> Mariana Hardi; Pedro Fiuza<\/span><br \/><span style=\"color: #000000;\"><strong><\/strong><\/span><\/p>\n<p><span style=\"color: #000000;\"><strong>Montagem:<\/strong> Aristeu Ara\u00fajo<\/span><br \/><span style=\"color: #000000;\"><strong><\/strong><\/span><\/p>\n<p><span style=\"color: #000000;\"><strong>M\u00fasica Original:<\/strong> Marc Abillama<\/span><\/p>\n<p>[\/et_pb_toggle][\/et_pb_column_inner][et_pb_column_inner type=&#8221;1_2&#8243; saved_specialty_column_type=&#8221;1_2&#8243; _builder_version=&#8221;4.21.0&#8243; _module_preset=&#8221;default&#8221; global_colors_info=&#8221;{}&#8221;][et_pb_image src=&#8221;https:\/\/casadapraiafilmes.com.br\/wp-content\/uploads\/2024\/06\/automata.jpg&#8221; title_text=&#8221;automata&#8221; _builder_version=&#8221;4.24.2&#8243; _module_preset=&#8221;default&#8221; width=&#8221;50%&#8221; max_width=&#8221;100%&#8221; global_colors_info=&#8221;{}&#8221;][\/et_pb_image][et_pb_text _builder_version=&#8221;4.23.1&#8243; _module_preset=&#8221;default&#8221; text_text_color=&#8221;#000000&#8243; text_line_height=&#8221;1.5em&#8221; custom_margin=&#8221;||16px|||&#8221; inline_fonts=&#8221;Montserrat&#8221; global_colors_info=&#8221;{}&#8221;]<\/p>\n<p><span style=\"font-family: Montserrat; font-size: medium;\"><b>ASSISTA:<\/b><\/span><\/p>\n<p>[\/et_pb_text][dsm_button button_one_text=&#8221;Teaser&#8221; button_one_url=&#8221;https:\/\/vimeo.com\/508987296&#8243; button_one_video_popup=&#8221;on&#8221; button_alignment=&#8221;left&#8221; _builder_version=&#8221;4.24.2&#8243; _module_preset=&#8221;default&#8221; custom_button_one=&#8221;on&#8221; button_one_text_size=&#8221;16px&#8221; button_one_text_color=&#8221;#4f4f4f&#8221; button_one_bg_color=&#8221;RGBA(255,255,255,0)&#8221; button_one_border_width=&#8221;0px&#8221; button_one_border_color=&#8221;RGBA(255,255,255,0)&#8221; button_one_icon=&#8221;&#x3d;||divi||400&#8243; custom_margin=&#8221;-15px||6px|||&#8221; custom_padding=&#8221;0px|||||&#8221; global_colors_info=&#8221;{}&#8221;][\/dsm_button][dsm_button button_one_text=&#8221;Makig Of&#8221; button_one_url=&#8221;https:\/\/youtu.be\/-nC7mP99cCs&#8221; button_one_video_popup=&#8221;on&#8221; button_alignment=&#8221;left&#8221; _builder_version=&#8221;4.24.2&#8243; _module_preset=&#8221;default&#8221; custom_button_one=&#8221;on&#8221; button_one_text_size=&#8221;16px&#8221; button_one_text_color=&#8221;#4f4f4f&#8221; button_one_bg_color=&#8221;RGBA(255,255,255,0)&#8221; button_one_border_width=&#8221;0px&#8221; button_one_border_color=&#8221;RGBA(255,255,255,0)&#8221; button_one_icon=&#8221;&#x3d;||divi||400&#8243; custom_margin=&#8221;-22px||-3px||false|false&#8221; global_colors_info=&#8221;{}&#8221;][\/dsm_button][dsm_button button_one_text=&#8221;Prime Video&#8221; button_one_url=&#8221;https:\/\/www.primevideo.com\/-\/pt\/detail\/0QYCPXLYQWCC4J6ZX1DUOLJ2RA\/ref=atv_sr_fle_c_Tn74RA_5_1_5?sr=1-5&#038;pageTypeIdSource=ASIN&#038;pageTypeId=B0CW3RB9PK&#038;qid=1749664199227 &#8221; button_alignment=&#8221;left&#8221; _builder_version=&#8221;4.27.4&#8243; _module_preset=&#8221;default&#8221; custom_button_one=&#8221;on&#8221; button_one_text_size=&#8221;16px&#8221; button_one_text_color=&#8221;#4f4f4f&#8221; button_one_bg_color=&#8221;RGBA(255,255,255,0)&#8221; button_one_border_width=&#8221;0px&#8221; button_one_border_color=&#8221;RGBA(255,255,255,0)&#8221; button_one_icon=&#8221;&#x3d;||divi||400&#8243; custom_margin=&#8221;-26px||-3px||false|false&#8221; custom_padding=&#8221;10px|||||&#8221; hover_enabled=&#8221;0&#8243; global_colors_info=&#8221;{}&#8221; button_one_url_new_window=&#8221;on&#8221; sticky_enabled=&#8221;0&#8243;][\/dsm_button][\/et_pb_column_inner][\/et_pb_row_inner][\/et_pb_column][\/et_pb_section]<\/p>\n","protected":false},"excerpt":{"rendered":"<p><div class=\"et_pb_module dsm_perspective_image dsm_perspective_image_0\">\n\t\t\t\t\n\t\t\t\t\n\t\t\t\t\n\t\t\t\t\n\t\t\t\t\n\t\t\t\t\n\t\t\t\t<div class=\"et_pb_module_inner\">\n\t\t\t\t\t<div class=\"dsm-perspective-image-wrapper et_always_center_on_mobile\">\n\t\t\t\t\n\t\t\t\t\n\t\t\t\t<a href=\"https:\/\/casadapraiafilmes.com.br\/wp-content\/uploads\/2023\/08\/automata.jpg\" class=\"et_pb_lightbox_image dsm-image-lightbox\" title=\"automata\" alt=\"\" data-mfp-src=\"https:\/\/casadapraiafilmes.com.br\/wp-content\/uploads\/2023\/08\/automata.jpg\" data-dsm-lightbox-id=\"dsm_perspective_image_0\"><span class=\"et_pb_image_wrap \"><img decoding=\"async\" src=\"https:\/\/casadapraiafilmes.com.br\/wp-content\/uploads\/2023\/08\/automata.jpg\" alt=\"\" title=\"automata\" \/><\/span><\/a>\n\t\t\t<\/div>\n\t\t\t\t<\/div>\n\t\t\t<\/div>AUT\u00d4MATA2020, 6min, Experimental (videodan\u00e7a \/ videoarte), Brasil\u00a0 Classifica\u00e7\u00e3o indicativa: LivreDIRE\u00c7\u00c3OPedro FiuzaAna Cl\u00e1udia VianaA resposta r\u00e1pida de um corpo em isolamento social. A bailarina dan\u00e7a sozinha na sala do seu apartamento e expressa seus sentimentos diante de uma quarentena. Uma coreografia solo dos desejos autom\u00e1ticos de um corpo que precisa [&hellip;]<\/p>\n","protected":false},"author":1,"featured_media":0,"parent":0,"menu_order":0,"comment_status":"closed","ping_status":"closed","template":"","meta":{"_et_pb_use_builder":"on","_et_pb_old_content":"<!-- wp:paragraph -->\r\n<p>Esta \u00e9 uma p\u00e1gina de exemplo. \u00c9 diferente de um post no blog porque ela permanecer\u00e1 em um lugar e aparecer\u00e1 na navega\u00e7\u00e3o do seu site na maioria dos temas. Muitas pessoas come\u00e7am com uma p\u00e1gina que as apresenta a poss\u00edveis visitantes do site. Ela pode dizer algo assim:<\/p>\r\n<!-- \/wp:paragraph -->\r\n\r\n<!-- wp:quote -->\r\n<blockquote class=\"wp-block-quote\">\r\n<p>Ol\u00e1! Eu sou um mensageiro de bicicleta durante o dia, ator aspirante \u00e0 noite, e este \u00e9 o meu site. Eu moro em S\u00e3o Paulo, tenho um grande cachorro chamado Rex e gosto de tomar caipirinha (e banhos de chuva).<\/p>\r\n<\/blockquote>\r\n<!-- \/wp:quote -->\r\n\r\n<!-- wp:paragraph -->\r\n<p>...ou alguma coisa assim:<\/p>\r\n<!-- \/wp:paragraph -->\r\n\r\n<!-- wp:quote -->\r\n<blockquote class=\"wp-block-quote\">\r\n<p>A Companhia de Miniaturas XYZ foi fundada em 1971, e desde ent\u00e3o tem fornecido miniaturas de qualidade ao p\u00fablico. Localizada na cidade de Itu, a XYZ emprega mais de 2.000 pessoas e faz coisas grandiosas para a comunidade da cidade.<\/p>\r\n<\/blockquote>\r\n<!-- \/wp:quote -->\r\n\r\n<!-- wp:paragraph -->\r\n<p>Como um novo usu\u00e1rio do WordPress, voc\u00ea deveria ir ao <a href=\"https:\/\/casadapraiafilmes.com.br\/wp-admin\/\">painel<\/a> para excluir essa p\u00e1gina e criar novas p\u00e1ginas para o seu conte\u00fado. Divirta-se!<\/p>\r\n<!-- \/wp:paragraph -->","_et_gb_content_width":"","inline_featured_image":false,"footnotes":""},"class_list":["post-758","page","type-page","status-publish","hentry"],"_links":{"self":[{"href":"https:\/\/casadapraiafilmes.com.br\/index.php?rest_route=\/wp\/v2\/pages\/758","targetHints":{"allow":["GET"]}}],"collection":[{"href":"https:\/\/casadapraiafilmes.com.br\/index.php?rest_route=\/wp\/v2\/pages"}],"about":[{"href":"https:\/\/casadapraiafilmes.com.br\/index.php?rest_route=\/wp\/v2\/types\/page"}],"author":[{"embeddable":true,"href":"https:\/\/casadapraiafilmes.com.br\/index.php?rest_route=\/wp\/v2\/users\/1"}],"replies":[{"embeddable":true,"href":"https:\/\/casadapraiafilmes.com.br\/index.php?rest_route=%2Fwp%2Fv2%2Fcomments&post=758"}],"version-history":[{"count":3,"href":"https:\/\/casadapraiafilmes.com.br\/index.php?rest_route=\/wp\/v2\/pages\/758\/revisions"}],"predecessor-version":[{"id":4169,"href":"https:\/\/casadapraiafilmes.com.br\/index.php?rest_route=\/wp\/v2\/pages\/758\/revisions\/4169"}],"wp:attachment":[{"href":"https:\/\/casadapraiafilmes.com.br\/index.php?rest_route=%2Fwp%2Fv2%2Fmedia&parent=758"}],"curies":[{"name":"wp","href":"https:\/\/api.w.org\/{rel}","templated":true}]}}