{"id":769,"date":"2023-08-02T14:11:58","date_gmt":"2023-08-02T17:11:58","guid":{"rendered":"https:\/\/casadapraiafilmes.com.br\/?page_id=769"},"modified":"2025-12-02T14:41:21","modified_gmt":"2025-12-02T17:41:21","slug":"tingo-lingo","status":"publish","type":"page","link":"https:\/\/casadapraiafilmes.com.br\/?page_id=769","title":{"rendered":"TINGO LINGO"},"content":{"rendered":"<p>[et_pb_section fb_built=&#8221;1&#8243; specialty=&#8221;on&#8221; _builder_version=&#8221;4.21.0&#8243; _module_preset=&#8221;default&#8221; background_color=&#8221;#FFFFFF&#8221; custom_padding=&#8221;9px|||||&#8221; global_colors_info=&#8221;{}&#8221;][et_pb_column type=&#8221;1_2&#8243; _builder_version=&#8221;4.16&#8243; custom_padding=&#8221;|||&#8221; global_colors_info=&#8221;{}&#8221; custom_padding__hover=&#8221;|||&#8221;][dsm_perspective_image src=&#8221;https:\/\/casadapraiafilmes.com.br\/wp-content\/uploads\/2023\/08\/tingolingo.jpg&#8221; title_text=&#8221;tingolingo&#8221; show_in_lightbox=&#8221;on&#8221; _builder_version=&#8221;4.21.0&#8243; _module_preset=&#8221;default&#8221; global_colors_info=&#8221;{}&#8221;][\/dsm_perspective_image][\/et_pb_column][et_pb_column type=&#8221;1_2&#8243; specialty_columns=&#8221;2&#8243; _builder_version=&#8221;4.16&#8243; custom_padding=&#8221;|||&#8221; global_colors_info=&#8221;{}&#8221; custom_padding__hover=&#8221;|||&#8221;][et_pb_row_inner column_structure=&#8221;1_2,1_2&#8243; _builder_version=&#8221;4.21.0&#8243; _module_preset=&#8221;default&#8221; custom_padding=&#8221;||9px|||&#8221; global_colors_info=&#8221;{}&#8221;][et_pb_column_inner type=&#8221;1_2&#8243; saved_specialty_column_type=&#8221;1_2&#8243; _builder_version=&#8221;4.21.0&#8243; _module_preset=&#8221;default&#8221; global_colors_info=&#8221;{}&#8221;][et_pb_text _builder_version=&#8221;4.21.0&#8243; _module_preset=&#8221;default&#8221; text_text_color=&#8221;#000000&#8243; text_line_height=&#8221;1.5em&#8221; custom_margin=&#8221;||16px|||&#8221; inline_fonts=&#8221;Montserrat&#8221; global_colors_info=&#8221;{}&#8221;]<\/p>\n<p><span style=\"font-family: Montserrat; font-size: medium;\"><b>TINGO LINGO<\/b><\/span><br \/><span style=\"font-weight: 400;\">2018, 18 min, Document\u00e1rio, Brasil<\/span><\/p>\n<p><strong>Classifica\u00e7\u00e3o indicativa:<\/strong><span>\u00a0Livre<\/span><br \/><strong><br \/><span style=\"font-family: Montserrat; font-size: medium;\">DIRE\u00c7\u00c3O<br \/><\/span><\/strong><span style=\"font-weight: 400;\">Wallace Santos<\/span><\/p>\n<p>[\/et_pb_text][et_pb_toggle title=&#8221;ELENCO&#8221; open_toggle_text_color=&#8221;#000000&#8243; open_toggle_background_color=&#8221;RGBA(255,255,255,0)&#8221; closed_toggle_background_color=&#8221;RGBA(255,255,255,0)&#8221; icon_color=&#8221;#000000&#8243; toggle_icon=&#8221;&#x22;||divi||400&#8243; open_icon_color=&#8221;#000000&#8243; _builder_version=&#8221;4.24.2&#8243; _module_preset=&#8221;default&#8221; title_text_color=&#8221;#000000&#8243; title_level=&#8221;h6&#8243; title_font=&#8221;Montserrat|800|||||||&#8221; title_text_align=&#8221;left&#8221; title_font_size=&#8221;15px&#8221; closed_title_font=&#8221;Montserrat||||||||&#8221; closed_title_line_height=&#8221;1.5em&#8221; body_font=&#8221;Montserrat||||||||&#8221; body_text_color=&#8221;#000000&#8243; body_font_size=&#8221;15px&#8221; body_line_height=&#8221;1.4em&#8221; module_alignment=&#8221;left&#8221; custom_margin=&#8221;||-1px|-17px|false|false&#8221; custom_padding=&#8221;4px||4px|||&#8221; border_style_all=&#8221;none&#8221; inline_fonts=&#8221;Abel&#8221; global_colors_info=&#8221;{}&#8221;]<\/p>\n<p><span style=\"font-family: inherit; font-weight: normal; font-size: small;\">Vitorino &#8220;Vit\u00f4r&#8221; da Silva<br \/>Eli\u00e9lson Barros<br \/>Waltemberg &#8220;Valtinho&#8221; da Silva<br \/>Maria Gorette<br \/>Jo\u00e3o Maria<\/span><\/p>\n<p>[\/et_pb_toggle][et_pb_toggle title=&#8221;SINOPSE&#8221; open_toggle_text_color=&#8221;#000000&#8243; closed_toggle_background_color=&#8221;#FFFFFF&#8221; icon_color=&#8221;#000000&#8243; toggle_icon=&#8221;&#x22;||divi||400&#8243; open_icon_color=&#8221;#000000&#8243; _builder_version=&#8221;4.24.2&#8243; _module_preset=&#8221;default&#8221; title_text_color=&#8221;#000000&#8243; title_level=&#8221;h6&#8243; title_font=&#8221;|800|||||||&#8221; title_text_align=&#8221;left&#8221; title_font_size=&#8221;16px&#8221; title_line_height=&#8221;1.2em&#8221; body_font=&#8221;Montserrat||||||||&#8221; body_text_color=&#8221;#000000&#8243; body_line_height=&#8221;1.5em&#8221; custom_margin=&#8221;||-1px|-17px|false|false&#8221; custom_padding=&#8221;5px||4px|||&#8221; border_style_all=&#8221;none&#8221; inline_fonts=&#8221;Montserrat&#8221; global_colors_info=&#8221;{}&#8221;]<span style=\"font-family: inherit; font-weight: normal; font-size: small;\">Vit\u00f4r, Eli\u00e9lson e Valtinho s\u00e3o tr\u00eas vendedores de cavaco chin\u00eas que transitam separadamente entre os cen\u00e1rios rural, litor\u00e2neo e urbano, percorrendo dist\u00e2ncias a p\u00e9 mas na companhia do caracter\u00edstico tri\u00e2ngulo, que anuncia com sonoridade inconfund\u00edvel a chegada do biscoito doce. As longas andan\u00e7as propiciam encontros, momentos de solid\u00e3o e um contraste sonoro resultante destes. O ritmo dessas vidas \u00e9 regido por Trindade, a serralheira que pressente nos notici\u00e1rios a amea\u00e7a iminente aos direitos dos trabalhadores brasileiros.<\/span>[\/et_pb_toggle][et_pb_toggle title=&#8221;FESTIVAIS E PR\u00caMIOS&#8221; open_toggle_text_color=&#8221;#000000&#8243; closed_toggle_background_color=&#8221;#FFFFFF&#8221; icon_color=&#8221;#000000&#8243; toggle_icon=&#8221;&#x22;||divi||400&#8243; open_icon_color=&#8221;#000000&#8243; _builder_version=&#8221;4.27.4&#8243; _module_preset=&#8221;default&#8221; title_text_color=&#8221;#000000&#8243; title_level=&#8221;h6&#8243; title_font=&#8221;|800|||||||&#8221; title_text_align=&#8221;left&#8221; title_font_size=&#8221;16px&#8221; title_line_height=&#8221;1.2em&#8221; body_font=&#8221;Montserrat||||||||&#8221; body_text_color=&#8221;#000000&#8243; body_line_height=&#8221;1.5em&#8221; custom_margin=&#8221;||-1px|-17px|false|false&#8221; custom_padding=&#8221;6px||5px|||&#8221; border_style_all=&#8221;none&#8221; inline_fonts=&#8221;Montserrat&#8221; global_colors_info=&#8221;{}&#8221;]<\/p>\n<p>\u25c9 05\u00aa Mostra de Cinema de Gostoso<br \/>\u25c9 02\u00ba Cine Vera\u0303o &#8211; Festival de Cinema da Cidade do Sol: Melhor Fotografia<br \/>\u25c9 03\u00ba Burburinho Festival de Artes<br \/>\u25c9 14\u00ba FestTagu\u00e1 &#8211; Festival Taguatinga de Cinema &#8211; Festival Online<br \/>\u25c9 02\u00ba Curta Caic\u00f3<br \/>\u25c9 Festival Folcl\u00f3rico de Etnias do Paran\u00e1<br \/>\u25c9 16\u00ba Encontro Regional de Estudantes de Design<br \/>\u25c9 09\u00ba Sercine &#8211; Festival Sergipe de Audiovisual: Men\u00e7\u00e3o Honrosa<br \/>\u25c9 03\u00aa Mostra Sesc de Cinema<br \/>\u25c9 01\u00ba Fesc-Kianda &#8211; Festival Internacional de Curta-Metragens da Kianda;<br \/>\u25c9 01\u00aa Mostra Cultural de Cinema Extremoz<br \/>\u25c9 05\u00ba FICCA &#8211; Festival Internacional de Cinema do Caet\u00e9<br \/>\u25c9 01\u00aa Mostra Latino-Americana de Filme Etnogr\u00e1fico<br \/>\u25c9 01\u00ba Urban Visions_Beyond the Ideal City<br \/>\u25c9 02\u00ba Festival Urbanocine<br \/>\u25c9 01\u00aa Mostra Ecofeira da Pipa<br \/>\u25c9 01\u00ba ICAN\/LAX International Film Competition<br \/>\u25c9 01\u00aa Mostra Especial Curta Caic\u00f3 na TVU<\/p>\n<p>[\/et_pb_toggle][et_pb_toggle title=&#8221;FICHA T\u00c9CNICA&#8221; open_toggle_text_color=&#8221;#000000&#8243; closed_toggle_background_color=&#8221;#FFFFFF&#8221; icon_color=&#8221;#000000&#8243; toggle_icon=&#8221;&#x22;||divi||400&#8243; open_icon_color=&#8221;#000000&#8243; _builder_version=&#8221;4.21.0&#8243; _module_preset=&#8221;default&#8221; title_text_color=&#8221;#000000&#8243; title_level=&#8221;h6&#8243; title_font=&#8221;Montserrat|800|||||||&#8221; title_text_align=&#8221;left&#8221; title_font_size=&#8221;16px&#8221; body_font=&#8221;Montserrat||||||||&#8221; body_line_height=&#8221;1.5em&#8221; custom_margin=&#8221;-10px|||-16px|false|false&#8221; custom_padding=&#8221;13px|||||&#8221; border_style_all=&#8221;none&#8221; inline_fonts=&#8221;Montserrat&#8221; global_colors_info=&#8221;{}&#8221;]<\/p>\n<h3><span style=\"font-size: small; color: #000000;\"><strong>Empresa Produtora:<\/strong> Casa da Praia Filmes<\/span><br \/><span style=\"font-size: small; color: #000000;\"><\/span><\/h3>\n<h3><span style=\"font-size: small; color: #000000;\"><strong>Pesquisa, Roteiro e Dire\u00e7\u00e3o:<\/strong> Wallace Santos<\/span><br \/><span style=\"font-size: small; color: #000000;\"><\/span><\/h3>\n<h3><span style=\"font-size: small; color: #000000;\"><strong>Produzido por:<\/strong> Pedro Fiuza<\/span><br \/><span style=\"font-size: small; color: #000000;\"><\/span><\/h3>\n<h3><span style=\"font-size: small; color: #000000;\"><strong>Produ\u00e7\u00e3o Executiva:<\/strong> Mariana Hardi; Mateus Cardoso; Pedro Fiuza<\/span><br \/><span style=\"font-size: small; color: #000000;\"><\/span><\/h3>\n<h3><span style=\"font-size: small; color: #000000;\"><strong>Dire\u00e7\u00e3o de Produ\u00e7\u00e3o:<\/strong> Arlindo Bezerra<\/span><br \/><span style=\"font-size: small; color: #000000;\"><\/span><\/h3>\n<h3><span style=\"font-size: small; color: #000000;\"><strong>Assist\u00eancia de Dire\u00e7\u00e3o:<\/strong> Luara Scham\u00f3<\/span><br \/><span style=\"font-size: small; color: #000000;\"><\/span><\/h3>\n<h3><span style=\"font-size: small; color: #000000;\"><strong>Assist\u00eancia de Produ\u00e7\u00e3o:<\/strong> Andr\u00e9 Santos<\/span><br \/><span style=\"font-size: small; color: #000000;\"><\/span><\/h3>\n<h3><span style=\"font-size: small; color: #000000;\"><strong>Dire\u00e7\u00e3o de Fotografia:<\/strong> Rodrigo Sena<\/span><br \/><span style=\"font-size: small; color: #000000;\"><\/span><\/h3>\n<h3><span style=\"font-size: small; color: #000000;\"><strong>Assistente de Fotografia:<\/strong> Cl\u00e1udio Henrique<\/span><br \/><span style=\"font-size: small; color: #000000;\"><\/span><\/h3>\n<h3><span style=\"font-size: small; color: #000000;\"><strong>Montagem:<\/strong> Rodrigo Carneiro<\/span><br \/><span style=\"font-size: small; color: #000000;\"><\/span><\/h3>\n<h3><span style=\"font-size: small; color: #000000;\"><strong>Som Direto:<\/strong> Herison Pedro<\/span><br \/><span style=\"font-size: small; color: #000000;\"><\/span><\/h3>\n<h3><span style=\"font-size: small; color: #000000;\"><strong>P\u00f3s-Produ\u00e7\u00e3o de Imagem:<\/strong> Mistika<\/span><br \/><span style=\"font-size: small; color: #000000;\"><\/span><\/h3>\n<h3><span style=\"font-size: small; color: #000000;\"><strong>P\u00f3s-Produ\u00e7\u00e3o de Som:<\/strong> Estudio JLS \/ Lab657<\/span><br \/><span style=\"font-size: small; color: #000000;\"><\/span><\/h3>\n<h3><span style=\"font-size: small; color: #000000;\"><strong>Mixagem, Edi\u00e7\u00e3o e Desenho de Som:<\/strong> Toco Cerqueira<\/span><br \/><span style=\"font-size: small; color: #000000;\"><\/span><\/h3>\n<h3><span style=\"font-size: small; color: #000000;\"><strong>Trilha Sonora Original:<\/strong> Chico Correa<\/span><\/h3>\n<p>[\/et_pb_toggle][\/et_pb_column_inner][et_pb_column_inner type=&#8221;1_2&#8243; saved_specialty_column_type=&#8221;1_2&#8243; _builder_version=&#8221;4.21.0&#8243; _module_preset=&#8221;default&#8221; global_colors_info=&#8221;{}&#8221;][et_pb_image src=&#8221;https:\/\/casadapraiafilmes.com.br\/wp-content\/uploads\/2024\/06\/tl.jpg&#8221; title_text=&#8221;tl&#8221; _builder_version=&#8221;4.24.2&#8243; _module_preset=&#8221;default&#8221; width=&#8221;50%&#8221; max_width=&#8221;100%&#8221; global_colors_info=&#8221;{}&#8221;][\/et_pb_image][et_pb_text _builder_version=&#8221;4.24.2&#8243; _module_preset=&#8221;default&#8221; text_text_color=&#8221;#000000&#8243; text_line_height=&#8221;1.5em&#8221; custom_margin=&#8221;||-3px|||&#8221; custom_padding=&#8221;||0px|||&#8221; inline_fonts=&#8221;Montserrat&#8221; global_colors_info=&#8221;{}&#8221;]<\/p>\n<p><strong>ASSISTA:<\/strong><\/p>\n<p>[\/et_pb_text][dsm_button button_one_text=&#8221;Trailer&#8221; button_one_url=&#8221;https:\/\/youtu.be\/5B5OEHa6-ok&#8221; button_one_video_popup=&#8221;on&#8221; button_alignment=&#8221;left&#8221; _builder_version=&#8221;4.24.2&#8243; _module_preset=&#8221;default&#8221; custom_button_one=&#8221;on&#8221; button_one_text_size=&#8221;16px&#8221; button_one_text_color=&#8221;#4f4f4f&#8221; button_one_bg_color=&#8221;RGBA(255,255,255,0)&#8221; button_one_border_width=&#8221;0px&#8221; button_one_border_color=&#8221;RGBA(255,255,255,0)&#8221; button_one_icon=&#8221;&#x3d;||divi||400&#8243; custom_margin=&#8221;||-4px|||&#8221; custom_padding=&#8221;0px|||||&#8221; global_colors_info=&#8221;{}&#8221;][\/dsm_button][dsm_button button_one_text=&#8221;Prime Video&#8221; button_one_url=&#8221;https:\/\/www.primevideo.com\/-\/pt\/detail\/0ROFDYHJ1HGS2P7ISOJHVYM7ZZ\/ref=atv_sr_fle_c_Tn74RA_1_1_1?sr=1-1&#038;pageTypeIdSource=ASIN&#038;pageTypeId=B0DC179QF4&#038;qid=1749664635528&#8243; button_alignment=&#8221;left&#8221; _builder_version=&#8221;4.27.4&#8243; _module_preset=&#8221;default&#8221; custom_button_one=&#8221;on&#8221; button_one_text_size=&#8221;16px&#8221; button_one_text_color=&#8221;#4f4f4f&#8221; button_one_bg_color=&#8221;RGBA(255,255,255,0)&#8221; button_one_border_width=&#8221;0px&#8221; button_one_border_color=&#8221;RGBA(255,255,255,0)&#8221; button_one_icon=&#8221;&#x3d;||divi||400&#8243; custom_margin=&#8221;-13px||-4px|||&#8221; custom_padding=&#8221;0px|||||&#8221; hover_enabled=&#8221;0&#8243; global_colors_info=&#8221;{}&#8221; button_one_url_new_window=&#8221;on&#8221; sticky_enabled=&#8221;0&#8243;][\/dsm_button][dsm_button button_one_text=&#8221;Ita\u00fa Cultural Play&#8221; button_one_url=&#8221;https:\/\/assista.itauculturalplay.com.br\/ItemDetail\/67a60425737daeba5e02abc0\/686862c4737daec4ac02aeda&#8221; button_one_video_popup=&#8221;on&#8221; button_alignment=&#8221;left&#8221; _builder_version=&#8221;4.27.4&#8243; _module_preset=&#8221;default&#8221; custom_button_one=&#8221;on&#8221; button_one_text_size=&#8221;16px&#8221; button_one_text_color=&#8221;#4f4f4f&#8221; button_one_bg_color=&#8221;RGBA(255,255,255,0)&#8221; button_one_border_width=&#8221;0px&#8221; button_one_border_color=&#8221;RGBA(255,255,255,0)&#8221; button_one_icon=&#8221;&#x3d;||divi||400&#8243; custom_margin=&#8221;-13px||-4px|||&#8221; custom_padding=&#8221;0px|||||&#8221; global_colors_info=&#8221;{}&#8221;][\/dsm_button][et_pb_image src=&#8221;https:\/\/casadapraiafilmes.com.br\/wp-content\/uploads\/2023\/06\/imdb-1.svg&#8221; title_text=&#8221;imdb&#8221; url=&#8221;https:\/\/www.imdb.com\/title\/tt11733530\/?ref_=nv_sr_srsg_0_tt_7_nm_1_in_0_q_tingo%2520lingo&#8221; url_new_window=&#8221;on&#8221; _builder_version=&#8221;4.24.2&#8243; _module_preset=&#8221;default&#8221; width=&#8221;15%&#8221; custom_margin=&#8221;||3px|16px|false|false&#8221; custom_padding=&#8221;3px||0px|||&#8221; global_colors_info=&#8221;{}&#8221;][\/et_pb_image][et_pb_image src=&#8221;https:\/\/casadapraiafilmes.com.br\/wp-content\/uploads\/2023\/06\/letterbox.svg&#8221; title_text=&#8221;letterbox&#8221; url=&#8221;https:\/\/letterboxd.com\/film\/tingo-lingo\/&#8221; url_new_window=&#8221;on&#8221; _builder_version=&#8221;4.24.2&#8243; _module_preset=&#8221;default&#8221; width=&#8221;10%&#8221; custom_margin=&#8221;1px|||19px|false|false&#8221; custom_padding=&#8221;1px||0px|||&#8221; global_colors_info=&#8221;{}&#8221;][\/et_pb_image][\/et_pb_column_inner][\/et_pb_row_inner][\/et_pb_column][\/et_pb_section]<\/p>\n","protected":false},"excerpt":{"rendered":"<p><div class=\"et_pb_module dsm_perspective_image dsm_perspective_image_0\">\n\t\t\t\t\n\t\t\t\t\n\t\t\t\t\n\t\t\t\t\n\t\t\t\t\n\t\t\t\t\n\t\t\t\t<div class=\"et_pb_module_inner\">\n\t\t\t\t\t<div class=\"dsm-perspective-image-wrapper et_always_center_on_mobile\">\n\t\t\t\t\n\t\t\t\t\n\t\t\t\t<a href=\"https:\/\/casadapraiafilmes.com.br\/wp-content\/uploads\/2023\/08\/tingolingo.jpg\" class=\"et_pb_lightbox_image dsm-image-lightbox\" title=\"tingolingo\" alt=\"\" data-mfp-src=\"https:\/\/casadapraiafilmes.com.br\/wp-content\/uploads\/2023\/08\/tingolingo.jpg\" data-dsm-lightbox-id=\"dsm_perspective_image_0\"><span class=\"et_pb_image_wrap \"><img decoding=\"async\" src=\"https:\/\/casadapraiafilmes.com.br\/wp-content\/uploads\/2023\/08\/tingolingo.jpg\" alt=\"\" title=\"tingolingo\" \/><\/span><\/a>\n\t\t\t<\/div>\n\t\t\t\t<\/div>\n\t\t\t<\/div>TINGO LINGO2018, 18 min, Document\u00e1rio, Brasil Classifica\u00e7\u00e3o indicativa:\u00a0LivreDIRE\u00c7\u00c3OWallace SantosVitorino &#8220;Vit\u00f4r&#8221; da SilvaEli\u00e9lson BarrosWaltemberg &#8220;Valtinho&#8221; da SilvaMaria GoretteJo\u00e3o MariaVit\u00f4r, Eli\u00e9lson e Valtinho s\u00e3o tr\u00eas vendedores de cavaco chin\u00eas que transitam separadamente entre os cen\u00e1rios rural, litor\u00e2neo e urbano, percorrendo dist\u00e2ncias a p\u00e9 mas na companhia do caracter\u00edstico tri\u00e2ngulo, que anuncia [&hellip;]<\/p>\n","protected":false},"author":1,"featured_media":0,"parent":0,"menu_order":0,"comment_status":"closed","ping_status":"closed","template":"","meta":{"_et_pb_use_builder":"on","_et_pb_old_content":"<!-- wp:paragraph -->\r\n<p>Esta \u00e9 uma p\u00e1gina de exemplo. \u00c9 diferente de um post no blog porque ela permanecer\u00e1 em um lugar e aparecer\u00e1 na navega\u00e7\u00e3o do seu site na maioria dos temas. Muitas pessoas come\u00e7am com uma p\u00e1gina que as apresenta a poss\u00edveis visitantes do site. Ela pode dizer algo assim:<\/p>\r\n<!-- \/wp:paragraph -->\r\n\r\n<!-- wp:quote -->\r\n<blockquote class=\"wp-block-quote\">\r\n<p>Ol\u00e1! Eu sou um mensageiro de bicicleta durante o dia, ator aspirante \u00e0 noite, e este \u00e9 o meu site. Eu moro em S\u00e3o Paulo, tenho um grande cachorro chamado Rex e gosto de tomar caipirinha (e banhos de chuva).<\/p>\r\n<\/blockquote>\r\n<!-- \/wp:quote -->\r\n\r\n<!-- wp:paragraph -->\r\n<p>...ou alguma coisa assim:<\/p>\r\n<!-- \/wp:paragraph -->\r\n\r\n<!-- wp:quote -->\r\n<blockquote class=\"wp-block-quote\">\r\n<p>A Companhia de Miniaturas XYZ foi fundada em 1971, e desde ent\u00e3o tem fornecido miniaturas de qualidade ao p\u00fablico. Localizada na cidade de Itu, a XYZ emprega mais de 2.000 pessoas e faz coisas grandiosas para a comunidade da cidade.<\/p>\r\n<\/blockquote>\r\n<!-- \/wp:quote -->\r\n\r\n<!-- wp:paragraph -->\r\n<p>Como um novo usu\u00e1rio do WordPress, voc\u00ea deveria ir ao <a href=\"https:\/\/casadapraiafilmes.com.br\/wp-admin\/\">painel<\/a> para excluir essa p\u00e1gina e criar novas p\u00e1ginas para o seu conte\u00fado. Divirta-se!<\/p>\r\n<!-- \/wp:paragraph -->","_et_gb_content_width":"","inline_featured_image":false,"footnotes":""},"class_list":["post-769","page","type-page","status-publish","hentry"],"_links":{"self":[{"href":"https:\/\/casadapraiafilmes.com.br\/index.php?rest_route=\/wp\/v2\/pages\/769","targetHints":{"allow":["GET"]}}],"collection":[{"href":"https:\/\/casadapraiafilmes.com.br\/index.php?rest_route=\/wp\/v2\/pages"}],"about":[{"href":"https:\/\/casadapraiafilmes.com.br\/index.php?rest_route=\/wp\/v2\/types\/page"}],"author":[{"embeddable":true,"href":"https:\/\/casadapraiafilmes.com.br\/index.php?rest_route=\/wp\/v2\/users\/1"}],"replies":[{"embeddable":true,"href":"https:\/\/casadapraiafilmes.com.br\/index.php?rest_route=%2Fwp%2Fv2%2Fcomments&post=769"}],"version-history":[{"count":3,"href":"https:\/\/casadapraiafilmes.com.br\/index.php?rest_route=\/wp\/v2\/pages\/769\/revisions"}],"predecessor-version":[{"id":4172,"href":"https:\/\/casadapraiafilmes.com.br\/index.php?rest_route=\/wp\/v2\/pages\/769\/revisions\/4172"}],"wp:attachment":[{"href":"https:\/\/casadapraiafilmes.com.br\/index.php?rest_route=%2Fwp%2Fv2%2Fmedia&parent=769"}],"curies":[{"name":"wp","href":"https:\/\/api.w.org\/{rel}","templated":true}]}}