{"id":785,"date":"2023-08-02T14:20:50","date_gmt":"2023-08-02T17:20:50","guid":{"rendered":"https:\/\/casadapraiafilmes.com.br\/?page_id=785"},"modified":"2025-01-22T12:15:59","modified_gmt":"2025-01-22T15:15:59","slug":"dalton-hebe","status":"publish","type":"page","link":"https:\/\/casadapraiafilmes.com.br\/?page_id=785","title":{"rendered":"DALTON\/HEBE"},"content":{"rendered":"<p>[et_pb_section fb_built=&#8221;1&#8243; specialty=&#8221;on&#8221; _builder_version=&#8221;4.21.0&#8243; _module_preset=&#8221;default&#8221; background_color=&#8221;#FFFFFF&#8221; custom_padding=&#8221;9px|||||&#8221; global_colors_info=&#8221;{}&#8221;][et_pb_column type=&#8221;1_2&#8243; _builder_version=&#8221;4.16&#8243; custom_padding=&#8221;|||&#8221; global_colors_info=&#8221;{}&#8221; custom_padding__hover=&#8221;|||&#8221;][dsm_perspective_image src=&#8221;https:\/\/casadapraiafilmes.com.br\/wp-content\/uploads\/2023\/08\/daltonhebe.jpg&#8221; title_text=&#8221;daltonhebe&#8221; show_in_lightbox=&#8221;on&#8221; _builder_version=&#8221;4.21.0&#8243; _module_preset=&#8221;default&#8221; global_colors_info=&#8221;{}&#8221;][\/dsm_perspective_image][\/et_pb_column][et_pb_column type=&#8221;1_2&#8243; specialty_columns=&#8221;2&#8243; _builder_version=&#8221;4.16&#8243; custom_padding=&#8221;|||&#8221; global_colors_info=&#8221;{}&#8221; custom_padding__hover=&#8221;|||&#8221;][et_pb_row_inner column_structure=&#8221;1_2,1_2&#8243; _builder_version=&#8221;4.21.0&#8243; _module_preset=&#8221;default&#8221; custom_padding=&#8221;||9px|||&#8221; global_colors_info=&#8221;{}&#8221;][et_pb_column_inner type=&#8221;1_2&#8243; saved_specialty_column_type=&#8221;1_2&#8243; _builder_version=&#8221;4.21.0&#8243; _module_preset=&#8221;default&#8221; global_colors_info=&#8221;{}&#8221;][et_pb_text _builder_version=&#8221;4.21.0&#8243; _module_preset=&#8221;default&#8221; text_text_color=&#8221;#000000&#8243; text_line_height=&#8221;1.5em&#8221; custom_margin=&#8221;||16px|||&#8221; inline_fonts=&#8221;Montserrat&#8221; global_colors_info=&#8221;{}&#8221;]<\/p>\n<p><span style=\"font-family: Montserrat; font-size: medium;\"><b>DALTON\/HEBE<\/b><\/span><br \/><span style=\"font-family: Montserrat; font-weight: normal; font-size: small;\">2015, 40min, Obra seriada, Fic\u00e7\u00e3o (humor), Brasil<\/span><br \/><strong><br \/><span style=\"font-family: Montserrat; font-size: medium;\">DIRE\u00c7\u00c3O<\/span><\/strong><br \/><span style=\"font-family: Montserrat; font-weight: normal;\">Pedro Fiuza e Moniky Rodrigues<\/span><\/p>\n<p>[\/et_pb_text][et_pb_toggle title=&#8221;ELENCO&#8221; open_toggle_text_color=&#8221;#000000&#8243; open_toggle_background_color=&#8221;RGBA(255,255,255,0)&#8221; closed_toggle_background_color=&#8221;RGBA(255,255,255,0)&#8221; icon_color=&#8221;#000000&#8243; toggle_icon=&#8221;&#x22;||divi||400&#8243; open_icon_color=&#8221;#000000&#8243; _builder_version=&#8221;4.24.2&#8243; _module_preset=&#8221;default&#8221; title_text_color=&#8221;#000000&#8243; title_level=&#8221;h6&#8243; title_font=&#8221;Montserrat|800|||||||&#8221; title_text_align=&#8221;left&#8221; title_font_size=&#8221;15px&#8221; closed_title_font=&#8221;Montserrat||||||||&#8221; closed_title_line_height=&#8221;1.5em&#8221; body_font=&#8221;Montserrat||||||||&#8221; body_text_color=&#8221;#000000&#8243; body_font_size=&#8221;15px&#8221; body_line_height=&#8221;1.4em&#8221; module_alignment=&#8221;left&#8221; custom_margin=&#8221;||-1px|-17px|false|false&#8221; hover_enabled=&#8221;0&#8243; border_style_all=&#8221;none&#8221; global_colors_info=&#8221;{}&#8221; sticky_enabled=&#8221;0&#8243;]<\/p>\n<p><span style=\"font-size: small;\">Mateus Cardoso e Quit\u00e9ria Kelly<\/span><\/p>\n<p>[\/et_pb_toggle][et_pb_toggle title=&#8221;SINOPSE&#8221; open_toggle_text_color=&#8221;#000000&#8243; closed_toggle_background_color=&#8221;#FFFFFF&#8221; icon_color=&#8221;#000000&#8243; toggle_icon=&#8221;&#x22;||divi||400&#8243; open_icon_color=&#8221;#000000&#8243; _builder_version=&#8221;4.24.2&#8243; _module_preset=&#8221;default&#8221; title_text_color=&#8221;#000000&#8243; title_level=&#8221;h6&#8243; title_font=&#8221;Montserrat|800|||||||&#8221; title_text_align=&#8221;left&#8221; title_font_size=&#8221;16px&#8221; body_font=&#8221;Montserrat||||||||&#8221; body_line_height=&#8221;1.5em&#8221; custom_margin=&#8221;-10px||4px|-16px|false|false&#8221; custom_padding=&#8221;9px||13px|||&#8221; border_style_all=&#8221;none&#8221; inline_fonts=&#8221;Montserrat&#8221; global_colors_info=&#8221;{}&#8221;]<\/p>\n<p><span style=\"color: #000000;\">Hebe e Dalton trocam seus aplicativos de paquera para que um ache para o outro o par ideal. O conflito se inicia quando as duas escolhas n\u00e3o agradam e geram uma discuss\u00e3o que se estende e os faz pensar sobre vida, fam\u00edlia, amizade e romance.<\/span><\/p>\n<p>[\/et_pb_toggle][et_pb_toggle title=&#8221;FICHA T\u00c9CNICA&#8221; open_toggle_text_color=&#8221;#000000&#8243; closed_toggle_background_color=&#8221;#FFFFFF&#8221; icon_color=&#8221;#000000&#8243; toggle_icon=&#8221;&#x22;||divi||400&#8243; open_icon_color=&#8221;#000000&#8243; _builder_version=&#8221;4.21.0&#8243; _module_preset=&#8221;default&#8221; title_text_color=&#8221;#000000&#8243; title_level=&#8221;h6&#8243; title_font=&#8221;Montserrat|800|||||||&#8221; title_text_align=&#8221;left&#8221; title_font_size=&#8221;16px&#8221; body_font=&#8221;Montserrat||||||||&#8221; body_line_height=&#8221;1.5em&#8221; custom_margin=&#8221;-10px|||-16px|false|false&#8221; border_style_all=&#8221;none&#8221; inline_fonts=&#8221;Montserrat&#8221; global_colors_info=&#8221;{}&#8221; custom_padding=&#8221;10px|||||&#8221;]<\/p>\n<p><span style=\"font-weight: 400; color: #000000;\"><strong>Empresa Produtora:<\/strong> Casa Da Praia Filmes<\/span><\/p>\n<p><span style=\"font-weight: 400; color: #000000;\"><strong>Criadores:<\/strong> Mateus Cardoso; Moniky Rodrigues; Pedro Fiuza<\/span><\/p>\n<p><span style=\"color: #000000;\"><strong>Roteiro<\/strong><span style=\"font-weight: 400;\"><strong>:<\/strong> Mateus Cardoso; Moniky Rodrigues; Pedro Fiuza<\/span><\/span><\/p>\n<p><span style=\"font-weight: 400; color: #000000;\"><strong>Dire\u00e7\u00e3o:<\/strong> Moniky Rodrigues; Pedro Fiuza<\/span><\/p>\n<p><span style=\"font-weight: 400; color: #000000;\"><strong>Produ\u00e7\u00e3o Executiva:<\/strong> Mariana Hardi<\/span><\/p>\n<p><span style=\"font-weight: 400; color: #000000;\"><strong>Dire\u00e7\u00e3o de Fotografia:<\/strong> Julio Schwantz<\/span><\/p>\n<p><span style=\"font-weight: 400; color: #000000;\"><strong>Dire\u00e7\u00e3o de Arte:<\/strong> Gabrielle Barros<\/span><\/p>\n<p><span style=\"font-weight: 400; color: #000000;\"><strong>Edi\u00e7\u00e3o:<\/strong> Moniky Rodrigues; Karina Monteiro; Pedro Fiuza<\/span><\/p>\n<p><span style=\"font-weight: 400; color: #000000;\"><strong>Tema de Abertura:<\/strong> &#8220;Brech\u00f3&#8221;, por Lu\u00edsa e os Alquimistas<\/span><\/p>\n<p><span style=\"font-weight: 400; color: #000000;\"><strong>Trilha Sonora:<\/strong> Toni Greg\u00f3rio<\/span><\/p>\n<p><span style=\"font-weight: 400; color: #000000;\"><strong>Abertura:<\/strong> Juliano Barreto<\/span><\/p>\n<p>[\/et_pb_toggle][\/et_pb_column_inner][et_pb_column_inner type=&#8221;1_2&#8243; saved_specialty_column_type=&#8221;1_2&#8243; _builder_version=&#8221;4.21.0&#8243; _module_preset=&#8221;default&#8221; global_colors_info=&#8221;{}&#8221;][et_pb_image src=&#8221;https:\/\/casadapraiafilmes.com.br\/wp-content\/uploads\/2024\/06\/dh.jpg&#8221; title_text=&#8221;dh&#8221; url=&#8221;https:\/\/letterboxd.com\/film\/it-will-get-better&#8221; url_new_window=&#8221;on&#8221; _builder_version=&#8221;4.24.2&#8243; _module_preset=&#8221;default&#8221; width=&#8221;55%&#8221; custom_margin=&#8221;1px|||19px|false|false&#8221; custom_padding=&#8221;1px||0px|||&#8221; global_colors_info=&#8221;{}&#8221;][\/et_pb_image][et_pb_text _builder_version=&#8221;4.24.2&#8243; _module_preset=&#8221;default&#8221; text_font_size=&#8221;17px&#8221; custom_margin=&#8221;||15px|||&#8221; global_colors_info=&#8221;{}&#8221;]<\/p>\n<p><span style=\"color: #000000;\"><strong>ASSISTA:<\/strong><\/span><\/p>\n<p>[\/et_pb_text][dsm_button button_one_text=&#8221;Teaser 1&#8243; button_one_url=&#8221;https:\/\/youtu.be\/dtVhxyZknC0?si=fe5NaekFDto8UDHf &#8221; button_one_video_popup=&#8221;on&#8221; button_alignment=&#8221;left&#8221; _builder_version=&#8221;4.24.2&#8243; _module_preset=&#8221;default&#8221; custom_button_one=&#8221;on&#8221; button_one_text_size=&#8221;16px&#8221; button_one_text_color=&#8221;#4f4f4f&#8221; button_one_bg_color=&#8221;RGBA(255,255,255,0)&#8221; button_one_border_width=&#8221;0px&#8221; button_one_border_color=&#8221;RGBA(255,255,255,0)&#8221; button_one_icon=&#8221;&#x3d;||divi||400&#8243; custom_margin=&#8221;-8px||6px|||&#8221; custom_padding=&#8221;0px||0px|||&#8221; global_colors_info=&#8221;{}&#8221;][\/dsm_button][dsm_button button_one_text=&#8221;Teaser 2&#8243; button_one_url=&#8221;https:\/\/youtu.be\/YMOkb0FYdyU?si=FFb1ee8kktRmSpW7&#8243; button_one_video_popup=&#8221;on&#8221; button_alignment=&#8221;left&#8221; _builder_version=&#8221;4.24.2&#8243; _module_preset=&#8221;default&#8221; custom_button_one=&#8221;on&#8221; button_one_text_size=&#8221;16px&#8221; button_one_text_color=&#8221;#4f4f4f&#8221; button_one_bg_color=&#8221;RGBA(255,255,255,0)&#8221; button_one_border_width=&#8221;0px&#8221; button_one_border_color=&#8221;RGBA(255,255,255,0)&#8221; button_one_icon=&#8221;&#x3d;||divi||400&#8243; custom_margin=&#8221;-17px||6px|||&#8221; custom_padding=&#8221;0px|||||&#8221; global_colors_info=&#8221;{}&#8221;][\/dsm_button][dsm_button button_one_text=&#8221;Epis\u00f3dio 1&#8243; button_one_url=&#8221;https:\/\/youtu.be\/uNPNEiEmJrk?si=fEvCOKD1JSHmh0yx&#8221; button_one_video_popup=&#8221;on&#8221; button_alignment=&#8221;left&#8221; _builder_version=&#8221;4.24.2&#8243; _module_preset=&#8221;default&#8221; custom_button_one=&#8221;on&#8221; button_one_text_size=&#8221;16px&#8221; button_one_text_color=&#8221;#4f4f4f&#8221; button_one_bg_color=&#8221;RGBA(255,255,255,0)&#8221; button_one_border_width=&#8221;0px&#8221; button_one_border_color=&#8221;RGBA(255,255,255,0)&#8221; button_one_icon=&#8221;&#x3d;||divi||400&#8243; custom_margin=&#8221;-18px||-15px||false|false&#8221; custom_padding=&#8221;0px|||||&#8221; global_colors_info=&#8221;{}&#8221;][\/dsm_button][dsm_button button_one_text=&#8221;Epis\u00f3dio 2&#8243; button_one_url=&#8221;https:\/\/www.youtube.com\/watch?v=YMOkb0FYdyU&#8221; button_one_video_popup=&#8221;on&#8221; button_alignment=&#8221;left&#8221; _builder_version=&#8221;4.24.2&#8243; _module_preset=&#8221;default&#8221; custom_button_one=&#8221;on&#8221; button_one_text_size=&#8221;16px&#8221; button_one_text_color=&#8221;#4f4f4f&#8221; button_one_bg_color=&#8221;RGBA(255,255,255,0)&#8221; button_one_border_width=&#8221;0px&#8221; button_one_border_color=&#8221;RGBA(255,255,255,0)&#8221; button_one_icon=&#8221;&#x3d;||divi||400&#8243; custom_margin=&#8221;-18px||-15px||false|false&#8221; custom_padding=&#8221;0px|||||&#8221; global_colors_info=&#8221;{}&#8221;][\/dsm_button][dsm_button button_one_text=&#8221;Epis\u00f3dio 3&#8243; button_one_url=&#8221;https:\/\/youtu.be\/WC2QURLtyAg?si=LTZXlo3nNbeF24kc&#8221; button_one_video_popup=&#8221;on&#8221; button_alignment=&#8221;left&#8221; _builder_version=&#8221;4.24.2&#8243; _module_preset=&#8221;default&#8221; custom_button_one=&#8221;on&#8221; button_one_text_size=&#8221;16px&#8221; button_one_text_color=&#8221;#4f4f4f&#8221; button_one_bg_color=&#8221;RGBA(255,255,255,0)&#8221; button_one_border_width=&#8221;0px&#8221; button_one_border_color=&#8221;RGBA(255,255,255,0)&#8221; button_one_icon=&#8221;&#x3d;||divi||400&#8243; custom_margin=&#8221;-18px||-15px||false|false&#8221; custom_padding=&#8221;0px|||||&#8221; global_colors_info=&#8221;{}&#8221;][\/dsm_button][\/et_pb_column_inner][\/et_pb_row_inner][\/et_pb_column][\/et_pb_section]<\/p>\n","protected":false},"excerpt":{"rendered":"<p><div class=\"et_pb_module dsm_perspective_image dsm_perspective_image_0\">\n\t\t\t\t\n\t\t\t\t\n\t\t\t\t\n\t\t\t\t\n\t\t\t\t\n\t\t\t\t\n\t\t\t\t<div class=\"et_pb_module_inner\">\n\t\t\t\t\t<div class=\"dsm-perspective-image-wrapper et_always_center_on_mobile\">\n\t\t\t\t\n\t\t\t\t\n\t\t\t\t<a href=\"https:\/\/casadapraiafilmes.com.br\/wp-content\/uploads\/2023\/08\/daltonhebe.jpg\" class=\"et_pb_lightbox_image dsm-image-lightbox\" title=\"daltonhebe\" alt=\"\" data-mfp-src=\"https:\/\/casadapraiafilmes.com.br\/wp-content\/uploads\/2023\/08\/daltonhebe.jpg\" data-dsm-lightbox-id=\"dsm_perspective_image_0\"><span class=\"et_pb_image_wrap \"><img decoding=\"async\" src=\"https:\/\/casadapraiafilmes.com.br\/wp-content\/uploads\/2023\/08\/daltonhebe.jpg\" alt=\"\" title=\"daltonhebe\" \/><\/span><\/a>\n\t\t\t<\/div>\n\t\t\t\t<\/div>\n\t\t\t<\/div>DALTON\/HEBE2015, 40min, Obra seriada, Fic\u00e7\u00e3o (humor), BrasilDIRE\u00c7\u00c3OPedro Fiuza e Moniky RodriguesMateus Cardoso e Quit\u00e9ria KellyHebe e Dalton trocam seus aplicativos de paquera para que um ache para o outro o par ideal. O conflito se inicia quando as duas escolhas n\u00e3o agradam e geram uma discuss\u00e3o que se estende [&hellip;]<\/p>\n","protected":false},"author":1,"featured_media":0,"parent":0,"menu_order":0,"comment_status":"closed","ping_status":"closed","template":"","meta":{"_et_pb_use_builder":"on","_et_pb_old_content":"<!-- wp:paragraph -->\r\n<p>Esta \u00e9 uma p\u00e1gina de exemplo. \u00c9 diferente de um post no blog porque ela permanecer\u00e1 em um lugar e aparecer\u00e1 na navega\u00e7\u00e3o do seu site na maioria dos temas. Muitas pessoas come\u00e7am com uma p\u00e1gina que as apresenta a poss\u00edveis visitantes do site. Ela pode dizer algo assim:<\/p>\r\n<!-- \/wp:paragraph -->\r\n\r\n<!-- wp:quote -->\r\n<blockquote class=\"wp-block-quote\">\r\n<p>Ol\u00e1! Eu sou um mensageiro de bicicleta durante o dia, ator aspirante \u00e0 noite, e este \u00e9 o meu site. Eu moro em S\u00e3o Paulo, tenho um grande cachorro chamado Rex e gosto de tomar caipirinha (e banhos de chuva).<\/p>\r\n<\/blockquote>\r\n<!-- \/wp:quote -->\r\n\r\n<!-- wp:paragraph -->\r\n<p>...ou alguma coisa assim:<\/p>\r\n<!-- \/wp:paragraph -->\r\n\r\n<!-- wp:quote -->\r\n<blockquote class=\"wp-block-quote\">\r\n<p>A Companhia de Miniaturas XYZ foi fundada em 1971, e desde ent\u00e3o tem fornecido miniaturas de qualidade ao p\u00fablico. Localizada na cidade de Itu, a XYZ emprega mais de 2.000 pessoas e faz coisas grandiosas para a comunidade da cidade.<\/p>\r\n<\/blockquote>\r\n<!-- \/wp:quote -->\r\n\r\n<!-- wp:paragraph -->\r\n<p>Como um novo usu\u00e1rio do WordPress, voc\u00ea deveria ir ao <a href=\"https:\/\/casadapraiafilmes.com.br\/wp-admin\/\">painel<\/a> para excluir essa p\u00e1gina e criar novas p\u00e1ginas para o seu conte\u00fado. Divirta-se!<\/p>\r\n<!-- \/wp:paragraph -->","_et_gb_content_width":"","inline_featured_image":false,"footnotes":""},"class_list":["post-785","page","type-page","status-publish","hentry"],"_links":{"self":[{"href":"https:\/\/casadapraiafilmes.com.br\/index.php?rest_route=\/wp\/v2\/pages\/785","targetHints":{"allow":["GET"]}}],"collection":[{"href":"https:\/\/casadapraiafilmes.com.br\/index.php?rest_route=\/wp\/v2\/pages"}],"about":[{"href":"https:\/\/casadapraiafilmes.com.br\/index.php?rest_route=\/wp\/v2\/types\/page"}],"author":[{"embeddable":true,"href":"https:\/\/casadapraiafilmes.com.br\/index.php?rest_route=\/wp\/v2\/users\/1"}],"replies":[{"embeddable":true,"href":"https:\/\/casadapraiafilmes.com.br\/index.php?rest_route=%2Fwp%2Fv2%2Fcomments&post=785"}],"version-history":[{"count":0,"href":"https:\/\/casadapraiafilmes.com.br\/index.php?rest_route=\/wp\/v2\/pages\/785\/revisions"}],"wp:attachment":[{"href":"https:\/\/casadapraiafilmes.com.br\/index.php?rest_route=%2Fwp%2Fv2%2Fmedia&parent=785"}],"curies":[{"name":"wp","href":"https:\/\/api.w.org\/{rel}","templated":true}]}}